{"id":586,"date":"2015-08-22T13:59:51","date_gmt":"2015-08-22T13:59:51","guid":{"rendered":"http:\/\/toursamarruecos.com\/?page_id=586"},"modified":"2015-12-06T14:43:18","modified_gmt":"2015-12-06T14:43:18","slug":"viaggio-in-marocco-7-giorni-da-tangeri","status":"publish","type":"page","link":"https:\/\/www.toursamarruecos.com\/it\/viaggio-in-marocco-7-giorni-da-tangeri\/","title":{"rendered":"Viaggio in Marocco 7 giorni da Tangeri"},"content":{"rendered":"<div class=\"wpb-content-wrapper\"><p>[vc_row full_width=&#8221;&#8221; parallax=&#8221;&#8221; parallax_image=&#8221;&#8221;][vc_column width=&#8221;1\/1&#8243;][vc_empty_space height=&#8221;12px&#8221;][vc_custom_heading text=&#8221;Tour 7 giorni,\u00a0 Tangeri &#8211; Fes &#8211; Deserto &#8211; Marrakech.&#8221; font_container=&#8221;tag:h2|font_size:25|text_align:center|color:%231e73be&#8221; google_fonts=&#8221;font_family:Delius%3Aregular|font_style:400%20regular%3A400%3Anormal&#8221;][vc_column_text css_animation=&#8221;&#8221;]<\/p>\n<p><strong>1\u00b0giorno: Tangeri \u2013 Chefchaouen \u2013 Fes.<\/strong><\/p>\n<p>Incontro nel luogo prestabilito per partire subito direzione Chefchaouen, passando attraverso le montagne del Rif e la citt\u00e0 di Tetuan. Giunti a Chefchaouen avremo modo di visitare questa incantevole cittadina\u00a0 chiamata &#8220;la citt\u00e0 blu&#8221;. La sua antica medina conserva ancora l&#8217;impronta Andalusa, con tutti i suoi graziosi negozietti di artigianato locale, le sue strette stradine tutte di blu dipinte le sue caffetterie e ristoranti tipici vi affasciner\u00e0 dal primo istante. Proseguiremo\u00a0 direzione Volubilis, antico e affascinante sito archeologico del Marocco, dichiarato dall&#8217;UNESCO Patrimonio dell&#8217;Umanit\u00e0, dove,\u00a0 grazie agli scavi sono state riportate alla luce le imponenti rovine di una citt\u00e0 Romana ricca di edifici civili e di culto, quartieri residenziali e oleifici. E poi ancora visita all&#8217;antica citt\u00e0 Imperiale di Meknes, le mura della sua medina, Bab El Mansour e il santuario nonch\u00e8 citta santa di Moulay Idriss centro di pellegrinaggio per i Marocchini. Giungeremo infine a Fes in tarda serata, cena e pernottamento in Riad.<\/p>\n<p><strong>2\u00b0giorno: Fes \u2013 Visita della citt\u00e0.<\/strong><\/p>\n<p>Giornata dedicata alla scoperta di Fes, la pi\u00f9 antica tra le citt\u00e0 imperiali, per secoli\u00a0 centro culturale e religioso del mondo Islamico occidentale. Dichiarata dall&#8217;UNESCO Patrimonio dell&#8217;Umanit\u00e0. Le sue incantevoli e labirintiche stradine nella vecchia medina sono un continuo susseguirsi di artigiani di ogni tipo e genere, dai vasai ai tintori, venditori di tappetti, artigianato locale, fabbri, intarsiatori di legno&#8230; il brulichio della sua gente vi trasporter\u00e0 indietro nei secoli. A 1200 anni dalla sua fondazione questa antica cittadina medievale, non smette mai di stupire. Assolutamente da non perdere una visita alla Medersa (scuola coranica), Chahrij, Bouinania Attarin, i suoi coloratissimi Souks, Fes El-jadida, la moschea Karaouine. Pranzo in un ristorante tipico nella mediana, serata libera. Pernottamento in Riad o Hotel.<\/p>\n<p><strong>3\u00b0giorno: Fes \u2013 Ifrane \u2013 Midelt \u2013 Valle del Ziz \u2013 Erfoud \u2013 Merzouga \u2013 Erg Chebbi<\/strong><\/p>\n<p>Partenza direzione Merzouga, passando per Ifrane conosciuta come &#8220;La Svizzera Marocchina&#8221;. Faremo una breve sosta ad Azrou per visitare il suo incantevole boschetto di cedri e conoscere le simpatiche scimmiette che lo abitano. Proseguiremo lungo le montagne dell&#8217;Alto Atlante, passando per Midelt e la valle dello Ziz, dove ci fermeremo per scattare qualche foto dell&#8217;incantevole panorama lungo le gole del fiume. Continueremo verso la citt\u00e0 di Erfoud, famosa per i suoi fossili estratti dalle roccie. Arriveremo infine alla Dune di &#8220;dell&#8217;Erg Chebbi&#8221; in Merzouga, dove potremo finalmente\u00a0 respirare la pace e la tranquillit\u00e0 del deserto, conteplando lo spettacolo del tramonto e di un cielo incredibilmente stellato che ci accompagner\u00e0 durante tutta\u00a0 la notte che passeremo in tenda nelle dune al ritmo dei tamburi della musica e dei balli berberi intorno ad un fuoco che far\u00e0 da cornice. Cena e pernottamento in tenda berbera.<\/p>\n<p><strong>4\u00b0giorno: Merzouga \u2013 Gole del Todra \u2013 Valle del Dades.<\/strong><\/p>\n<p>Sveglia presto per assistere allo spettacolo dell&#8217;alba, poi in dromedario fino a giungere\u00a0 in Riad dove vi verr\u00e0 servita la\u00a0 colazione e dove avrete la possibilit\u00e0 di fare la doccia. Continueremo il nostro tour verso Rissani e Tafilalet, cittadine che incontreremo lungo la strada che ci condurr\u00e0 alle spettacolari Gole del Todra, per giungere infine alla Valle del Dades dove ceneremo e\u00a0 passeremo la notte.<\/p>\n<p><strong>5\u00b0giorno: Valle del Dades \u2013 Valle delle Rose \u2013 Ouarzazate \u2013 Ait Ben Haddou \u2013 Marrakech.<\/strong><\/p>\n<p>Dopo colazione, proseguiremo\u00a0 direzione Ouarzazate, passando per la\u00a0 via delle mille Kasbahs, dove avremo modo di fare diverse soste per ammirare gli incantevoli scenari che incontreremo lungo il percorso e scattare qualche foto.<\/p>\n<p>Giunti ad Ouarzazate ci dirigeremo all&#8217;incantevole Kasbah di Ait Ben Haddou, madre di tutte le Kasbah, tra le meglio conservate, con la sua tipica struttura architettonica berbera \u00e8 adagiata su un campo di mandorli. Dalla parte pi\u00f9 alta \u00e8 possibile osservare le antiche vie carovaniere che da Ouarzazate portavano\u00a0 a\u00a0 Marrakech e le suggestive spesso innevate montagne dell&#8217;Alto Atlante. Visita ricca di fascino che ci riporter\u00e0 indietro nel tempo permettendoci di assaporare l&#8217;essenza della cultura berbera. La Kasbah, dichiarata dall&#8217;UNESCO Patrimonio dell&#8217;Umanita \u00e8 stata inoltre set di famosissimi film, tra i quali: Il Gladiatore, Obelix e Asterix, Cleopatra, Un t\u00e8 nel Deserto&#8230; e tanti altri ancora.<\/p>\n<p>Percorreremo un tratta di strada di circa 8 Km disseminata di rovine di antiche Kasbahs, prima di immergergi nella strada principale che ci condurr\u00e0 a Marrakech, attraverseremo la Valle degli Almendros, Agouim e Ighrem, per giungere al famosissimo passo di Tizi N&#8217;Tichka, il punto pi\u00f9 alto con i suoi 2.260m di altitudine. Pranzo nell&#8217;antico villaggio Berbero di Tadart. Arrivo a Marrakech in tarda serata. Pernottamento in albergo o Riad in Marrakech.<\/p>\n<p><strong>6\u00b0giorno: Marrakech &#8211; Visita della citt\u00e0.<\/strong><\/p>\n<p>Dopo una ricca ed abbondante colazione stile Marocchino, incontreremo la guida che vi accompagner\u00e0 alla scoperta di Marrakech, la perla del Sud del Marocco. Visita al Palazzo della Bahia, Palazzo El Badi, le Tombe Sadiane, Giardini della Menara,\u00a0 la Medersa di Ben Youssef (antica scuola coranica), il museo di Marrakech, i Giardini Majorelle e naturalmente la sua labirintica e coloratissima Mediana e Suq, fino ad arrivare alla pi\u00f9 famosa di tutte le Piazze: Jemaa el-Fna, cuore pulsante di Marrakech, dichiarata dall&#8217;UNESCO &#8220;Patrimonio Orale dell&#8217;Umanit\u00e0&#8221;. Pranzo in uno dei migliori ristoranti tradizionali Marocchini e per finire un ricco t\u00e8 alla menta servito seduti comodamente in una delle tante e spettacolari terrazze con vista alla pittoresca Piazza Jemaa el-Fna e l&#8217;incantevole Moschea e Minaretto della\u00a0 Koutoubia.<\/p>\n<p><strong>7\u00b0giorno: Trasferimento all&#8217;aeroporto.<\/strong><\/p>\n<p>Dopo colazione, all&#8217;ora prestabilita trasferimento all&#8217;aeroporto. Fine dei nostri servizi.<\/p>\n<div class=\"wpb_text_column wpb_content_element \">\n<div class=\"wpb_wrapper\">\n<p><strong>Se gli itinerari da noi proposti non dovessero coincidere con le vostre necessit\u00e0 o interessi, non esitate a mettervi in contatto con noi,\u00a0 prepareremo insieme il vostro viaggio su misura per voi<\/strong>.<\/p>\n<p><strong>Incluso nel Tour:<\/strong><\/p>\n<ul>\n<li>Trasporto (4\u00d74 Toyota, Land Cruiser \u2013 mini bus).<\/li>\n<li>Carbutante<\/li>\n<li>Guida-Autista con buona conoscenza della vostra lingua.<\/li>\n<li>Pernottamento mezza pensione in Hotel\/Riad.<\/li>\n<li>Escursione in cammello<\/li>\n<li>Notte in tenda Berbera.<\/li>\n<\/ul>\n<p><strong>Non incluso nel Tour:<\/strong><\/p>\n<ul>\n<li>Biglietti aerei.<\/li>\n<li>Pranzi.<\/li>\n<li>Bevande.<\/li>\n<li>Biglietti Ingresso a monumenti storici.<\/li>\n<\/ul>\n<\/div>\n<\/div>\n<p>&nbsp;<\/p>\n<p>[\/vc_column_text][vc_empty_space height=&#8221;12px&#8221;][\/vc_column][\/vc_row]<\/p>\n<\/div>","protected":false},"excerpt":{"rendered":"<p>[vc_row full_width=&#8221;&#8221; parallax=&#8221;&#8221; parallax_image=&#8221;&#8221;][vc_column width=&#8221;1\/1&#8243;][vc_empty_space height=&#8221;12px&#8221;][vc_custom_heading text=&#8221;Tour 7 giorni,\u00a0 Tangeri &#8211; Fes &#8211; Deserto &#8211; Marrakech.&#8221; font_container=&#8221;tag:h2|font_size:25|text_align:center|color:%231e73be&#8221; google_fonts=&#8221;font_family:Delius%3Aregular|font_style:400%20regular%3A400%3Anormal&#8221;][vc_column_text css_animation=&#8221;&#8221;] 1\u00b0giorno: Tangeri \u2013 Chefchaouen \u2013 Fes. Incontro<span class=\"excerpt-hellip\"> [\u2026]<\/span><\/p>\n","protected":false},"author":1,"featured_media":0,"parent":0,"menu_order":0,"comment_status":"closed","ping_status":"closed","template":"","meta":{"footnotes":""},"class_list":["post-586","page","type-page","status-publish","hentry"],"_links":{"self":[{"href":"https:\/\/www.toursamarruecos.com\/it\/wp-json\/wp\/v2\/pages\/586","targetHints":{"allow":["GET"]}}],"collection":[{"href":"https:\/\/www.toursamarruecos.com\/it\/wp-json\/wp\/v2\/pages"}],"about":[{"href":"https:\/\/www.toursamarruecos.com\/it\/wp-json\/wp\/v2\/types\/page"}],"author":[{"embeddable":true,"href":"https:\/\/www.toursamarruecos.com\/it\/wp-json\/wp\/v2\/users\/1"}],"replies":[{"embeddable":true,"href":"https:\/\/www.toursamarruecos.com\/it\/wp-json\/wp\/v2\/comments?post=586"}],"version-history":[{"count":0,"href":"https:\/\/www.toursamarruecos.com\/it\/wp-json\/wp\/v2\/pages\/586\/revisions"}],"wp:attachment":[{"href":"https:\/\/www.toursamarruecos.com\/it\/wp-json\/wp\/v2\/media?parent=586"}],"curies":[{"name":"wp","href":"https:\/\/api.w.org\/{rel}","templated":true}]}}