{"id":571,"date":"2015-08-22T13:08:48","date_gmt":"2015-08-22T13:08:48","guid":{"rendered":"http:\/\/toursamarruecos.com\/?page_id=571"},"modified":"2015-09-01T19:27:28","modified_gmt":"2015-09-01T19:27:28","slug":"tour-4-giorni-da-fes-al-deserto-e-marrakech","status":"publish","type":"page","link":"https:\/\/www.toursamarruecos.com\/it\/tour-4-giorni-da-fes-al-deserto-e-marrakech\/","title":{"rendered":"Tour 4 giorni da Fes al deserto e Marrakech"},"content":{"rendered":"<div class=\"wpb-content-wrapper\"><p>[vc_row full_width=&#8221;&#8221; parallax=&#8221;&#8221; parallax_image=&#8221;&#8221;][vc_column width=&#8221;1\/1&#8243;][vc_empty_space height=&#8221;12px&#8221;][vc_custom_heading text=&#8221;Tour 4 Giorni da Fes al Deserto e Marrakech&#8221; font_container=&#8221;tag:h2|font_size:25|text_align:center|color:%231e73be&#8221; google_fonts=&#8221;font_family:Delius%3Aregular|font_style:400%20regular%3A400%3Anormal&#8221;][vc_column_text css_animation=&#8221;&#8221;]<\/p>\n<p><strong>1\u00b0Giorno: Fes \u2013 Merzouga.<\/strong><\/p>\n<p>Partenza verso Merzouga, passando per l&#8217;incantevole Boscetto di Cedri di Azrou, dove se fortunati potremo conoscere le simpaticissime Scimmiette che lo abitano. Continueremo il nostro cammino, passando per Midelt, Valle del Ziz e Errachidia. Arrivo a Merzouga dove potremo godere della pace e tranquillit\u00e0 che solo il Deserto pu\u00f2 regalare, conteplare lo straordinario tramonto in cima alla Duna pi\u00f9 alta, cenare sotto un cielo di stellato. Cena e pernottamento in tenda Berbera.<\/p>\n<p><strong>2\u00b0Giorno: Merzouga \u2013 Erg Chebbi.<\/strong><\/p>\n<p>Dopo la colazione, comincer\u00e0 il vero tour nelle spettacolari Dune di Merzouga, incontreremo lungo il nostro cammino diversi villaggi Berberi, in particolare faremo sosta Nel Villaggio Kamlia, famosissimi musicisti Gnawa, provenienti dall&#8217;Africa Nera. Sar\u00e0 una fantastica occasione, per conoscere e vivere pi\u00f9 da vicino l&#8217;affascinante vita dei Berberi che ancora abitano questi luoghi. Nel pomeriggio ci addrenteremo a dorso dei nostri Cammelli nelle Dune, fino ad arrivare nel nostro accampanmento, dove dopo un&#8217;ottima cena tipica Berbera, passeremo la notte. Tra balli e canti Berberi ed un cielo stellato che far\u00e0 da cornice.<\/p>\n<p><strong>3\u00b0Giorno: Erg Chebbi \u2013 Ouarzazate.<\/strong><\/p>\n<p>Sveglia presto per assistere alla pi\u00f9 spettacolare e incantevole alba nel punto pi\u00f9 alto delle Dune. Faremo ritorno in Riad\u00a0 con i nostri Cammelli, dove ci verr\u00e0 servita la colazione. Proseguiremo poi alla volta di Ouarzazate, passando per Rissani dove ci fermeremo per conoscere il suo coloratissimo mercato. Continueremo verso le incredibili Gole del Todra, Valle del Dades, Valle delle Rose e l&#8217;oasi di Skoura. Arrivo ad Ouarzazate cena e pernottamento in Hotel o Riad.<\/p>\n<p><strong>4\u00b0Giorno: Ouarzazate \u2013 Marrakech.<\/strong><\/p>\n<p>Dopo colazione e prima di arrivare a Marrakech, visiteremo la spettacolare Kasbah di Ait Ben Haddou. Set di celeberrimi film, quali: &#8220;Lawrence de Arabia&#8221;, &#8220;Babel&#8221;, &#8220;Il Gladiatore&#8221;, e tanti altri ancora. Attraverseremo le maestose montagne dell&#8217;Alto Atlante, attraverso il passo di Tizi N&#8217;Tichka. faremo diverse soste per ammirare i fantastici panorami, i carateristici Villaggi Berberi disseminati lungo tutto il percorso e scattare qualche foto. Arrivo a Marrakech in tarda serata. Fine dei nostri servizi.<\/p>\n<p><strong>Se gli itinerari da noi proposti non dovessero coincidere con le vostre necessit\u00e0 o interessi, non esitate a mettervi in contatto con noi,\u00a0 prepareremo insieme il vostro viaggio su misura per voi<\/strong>.<\/p>\n<p><strong>Incluso nel Tour:<\/strong><\/p>\n<ul>\n<li>Trasporto (4\u00d74 Toyota, Land Cruiser \u2013 mini bus).<\/li>\n<li>Carbutante<\/li>\n<li>Guida-Autista con buona conoscenza della vostra lingua.<\/li>\n<li>Pernottamento mezza pensione in Hotel\/Riad.<\/li>\n<li>Escursione in cammello<\/li>\n<li>Notte in tenda Berbera.<\/li>\n<\/ul>\n<p><strong>Non incluso nel Tour:<\/strong><\/p>\n<ul>\n<li>Biglietti aerei.<\/li>\n<li>Pranzi.<\/li>\n<li>Bevande.<\/li>\n<li>Biglietti Ingresso a monumenti storici.<\/li>\n<\/ul>\n<p>[\/vc_column_text][vc_empty_space height=&#8221;12px&#8221;][\/vc_column][\/vc_row]<\/p>\n<\/div>","protected":false},"excerpt":{"rendered":"<p>[vc_row full_width=&#8221;&#8221; parallax=&#8221;&#8221; parallax_image=&#8221;&#8221;][vc_column width=&#8221;1\/1&#8243;][vc_empty_space height=&#8221;12px&#8221;][vc_custom_heading text=&#8221;Tour 4 Giorni da Fes al Deserto e Marrakech&#8221; font_container=&#8221;tag:h2|font_size:25|text_align:center|color:%231e73be&#8221; google_fonts=&#8221;font_family:Delius%3Aregular|font_style:400%20regular%3A400%3Anormal&#8221;][vc_column_text css_animation=&#8221;&#8221;] 1\u00b0Giorno: Fes \u2013 Merzouga. Partenza verso Merzouga, passando<span class=\"excerpt-hellip\"> [\u2026]<\/span><\/p>\n","protected":false},"author":1,"featured_media":0,"parent":0,"menu_order":0,"comment_status":"closed","ping_status":"closed","template":"","meta":{"footnotes":""},"class_list":["post-571","page","type-page","status-publish","hentry"],"_links":{"self":[{"href":"https:\/\/www.toursamarruecos.com\/it\/wp-json\/wp\/v2\/pages\/571","targetHints":{"allow":["GET"]}}],"collection":[{"href":"https:\/\/www.toursamarruecos.com\/it\/wp-json\/wp\/v2\/pages"}],"about":[{"href":"https:\/\/www.toursamarruecos.com\/it\/wp-json\/wp\/v2\/types\/page"}],"author":[{"embeddable":true,"href":"https:\/\/www.toursamarruecos.com\/it\/wp-json\/wp\/v2\/users\/1"}],"replies":[{"embeddable":true,"href":"https:\/\/www.toursamarruecos.com\/it\/wp-json\/wp\/v2\/comments?post=571"}],"version-history":[{"count":0,"href":"https:\/\/www.toursamarruecos.com\/it\/wp-json\/wp\/v2\/pages\/571\/revisions"}],"wp:attachment":[{"href":"https:\/\/www.toursamarruecos.com\/it\/wp-json\/wp\/v2\/media?parent=571"}],"curies":[{"name":"wp","href":"https:\/\/api.w.org\/{rel}","templated":true}]}}