{"id":565,"date":"2015-08-22T12:22:35","date_gmt":"2015-08-22T12:22:35","guid":{"rendered":"http:\/\/toursamarruecos.com\/?page_id=565"},"modified":"2016-02-18T19:59:53","modified_gmt":"2016-02-18T19:59:53","slug":"tour-in-marocco-12-giorni-da-casablanca","status":"publish","type":"page","link":"https:\/\/www.toursamarruecos.com\/it\/tour-in-marocco-12-giorni-da-casablanca\/","title":{"rendered":"Tour Marocco 12 giorni da Casablanca"},"content":{"rendered":"<div class=\"wpb-content-wrapper\"><p>[vc_row full_width=&#8221;&#8221; parallax=&#8221;&#8221; parallax_image=&#8221;&#8221;][vc_column width=&#8221;1\/1&#8243;][vc_empty_space height=&#8221;12px&#8221;][vc_custom_heading text=&#8221;Tour Marocco 12 giorni con partenza da Casablanca &#8211; Citt\u00e0 imperiali &#8211; Deserto.&#8221; font_container=&#8221;tag:h2|font_size:25|text_align:center|color:%231e73be&#8221; google_fonts=&#8221;font_family:Delius%3Aregular|font_style:400%20regular%3A400%3Anormal&#8221;][vc_column_text css_animation=&#8221;&#8221;]<\/p>\n<p><strong>1\u00b0giorno : Arrivo a Casablanca.<\/strong><\/p>\n<p>Incontro nel luogo prestabilito (aeroporto o porto) e trasferimento in Hotel, in base alla disponibilit\u00e0 e orario di arrivo, possibilit\u00e0 di visitare la Moschea di Hassan II. Cena e pernottamento in Hotel.<\/p>\n<p><strong>2\u00b0giorno : Casablanca \u2013 Marrakech.<\/strong><\/p>\n<p>Giunti a Marrakech incontreremo la guida che vi accompagner\u00e0 alla scoperta di Marrakech, la perla del Sud del Marocco. Visita al Palazzo della Bahia, Palazzo El Badi, le Tombe Sadiane, Giardini della Menara,\u00a0 la Medersa di Ben Youssef (antica scuola coranica), il museo di Marrakech, i Giardini Majorelle e naturalmente la sua labirintica e coloratissima Mediana e Suq, fino ad arrivare alla pi\u00f9 famosa di tutte le Piazze: Jemaa el-Fna, cuore pulsante di Marrakech, dichiarata dall&#8217;UNESCO &#8220;Patrimonio Orale dell&#8217;Umanit\u00e0&#8221;.Koutoubia.\u00a0Pranzo in uno dei migliori ristoranti tradizionali Marocchini e per finire un ricco t\u00e8 alla menta servito seduti comodamente in una delle tante e spettacolari terazze con vista alla pittoresca Piazza Jemaa el-Fna e l&#8217;incantevole Moschea e Minaretto della\u00a0 Koutoubia.<\/p>\n<p><strong>3\u00b0giorno: Marrakech \u2013 Telouat \u2013 Ait Ben Haddou \u2013 Ouarzazate.<\/strong><\/p>\n<p>Dopo una ricca ed abbondante colazione stile Marocchino, proseguiremo il nostro tour attraversando le montagne dell&#8217;Alto Atlante fino a giungere al famosissimo passo di montagna del Tizi N&#8217;Tichka, il punto pi\u00f9 alto (con i suoi 2.260m di altitudine). Seguiremo la pista che ci condurr\u00e0 a Telouet dove visiteremo la sua incantevole Kasbah, incontreremo poi diversi suggestivi Villaggi Berberi prima di giungere alla spettacolare Kasbah di Ait Ben Haddou, tra le meglio conservate del Marocco, dichiarata dall&#8217;UNESCO Patrimonio dell&#8217;Umanit\u00e0, set di numerosi e famosi Film: il Gladiatore, Il t\u00e8 nel Deserto, Cleopatra e tanti altri. Il tempo di un rilassante pranzo, e poi continueremo direzione Ouarzazate.\u00a0Cena e pernottamento in albergo o Riad.<\/p>\n<p><strong>4\u00b0giorno: Ouarzazate \u2013 Skoura \u2013 Valle del Dades.<\/strong><\/p>\n<p>Dopo colazione visita alla citt\u00e0 di Ouarzazate considerata la porta del Deserto. Chiamata la &#8220;Hollywood Marocchina&#8221;, per via della presenze dei famosi Studi Cinematografici &#8220;Atlas&#8221; che \u00e8 possibile visitare,nonch\u00e8 set di\u00a0 famose pellicole\u00a0 quali: Lawrence d&#8217;Arabia, Il t\u00e8 nel Deserto.\u00a0 Alla periferia orientale si trova la Kasbah di Taourirt tra le pi\u00f9 grandi del paese, da vedere inoltre il Palazzo Principale del Glaoui, Pasha del Grande Regno del Sud del Paese. Proseguieremo poi attraversando la via delle mille Kasbahs, Valle delle Rose, famosa per la coltivazione di quest&#8217;ultime celebrata con un famoso festival. Skoura con i suoi palmeti, frutteti, orti, e cambi verde smeraldo. E poi ancora Boumalne ed infine La Valle del Dades, dove ci fermeremo per la notte.<\/p>\n<p><strong>5\u00b0giorno : Valle del Dades &#8211; \u00a0Gole del Todra &#8211; Merzouga.<\/strong><\/p>\n<p>Percorrendo una pista disseminata di spettacolari Kasbahs, tra varie soste per ammirare il paesaggio e scatare qualche foto arriveremo alle spettagolari Gole del Todra. Le Gole del fiume Todra di enormi proporzioni si estendono verticalmente, formando alte mura di una bellezza sorprendente, un vero e proprio paradiso per gli appassionati di arrampicate. Proseguiremo verso Sud fino ad arrivare alle impressionanti Dune di Merzouga, dove il tempo sembra essersi fermato tanta \u00e8 la pace e tranquilit\u00e0. Tempo libero per godere di uno splendido e indimenticabile tramonto che solo il Deserto sa regalare. Dopo la cena in stile tipico, tanta musica, canti e balli Berberi.\u00a0Pernottamento in albergo o Riad.<\/p>\n<p><strong>6\u00b0giorno: Merzouga \u2013 Erg Chebbi \u2013 Merzouga.<\/strong><\/p>\n<p>Giornata interamente dedicata alla scoperta del Sahara orientale. Escursione in 4&#215;4, in lungo e largo per le Dune dorate dell&#8217; Erg Chebbi. Visiteremo diversi\u00a0 Villaggi Berberi disseminati lungo tutto il percorso alla scoperta della vita nomade delle loro trazioni e cultura. Attraversando diverse oasi giungeremo inoltre nel Villaggio dei Khamlia abitato dai discendenti di antichi schiavi neri, oggi famosissimi musicisti\u00a0 Gnawa, che ci delizieranno con la loro musica e i loro balli tradizionali. In serata dopo una piacevole e rilassante passeggiata a dorso dei nostri Dromedari assisteremo nel punto pi\u00f9 alto delle Dune\u00a0 allo spettacolo del tramonto. Per arrivare infine alla nostra tenda Berbera, dove passeremo la notte e dove ci verra servita un&#8217;ottima e abbondante cene tipica. E per finire tanti canti e balli Berberi intorno al fuoco completamente circondati da milioni di stelle.\u00a0 Un giorno pieno di avventura e cultura.<\/p>\n<p><strong>D\u00eda 7: Merzouga \u2013 Rissani \u2013 Dunas de Merzouga<\/strong><\/p>\n<p>Sveglia presto per assistere allo spettacolo dell&#8217;alba, subito dopo monteremo i nostri Dromedari e faremo ritorno all&#8217;albergo di partenza, dove vi verra servita un&#8217;ottima colazione tipica, il tempo di una doccia rigenerante e subito pronti per continuare il nostro tour alla scoperta di Rissani e del suo variopinto e ricco mercato, dove potrete trovare tante spezie colorate e profumate oggetti di artigianato di ogni tipo, tapetti, monili, gioielli tipici Berberi, e tanti asinelli che vengono scambiati e acquistati proprio in questo mercato. Continueremo visitando la regione desertica limitrofa, le oasi e il deserto nero.\u00a0Rientro in tarda serata a Merzouga, cena e pernottamento in Riad.<\/p>\n<p><strong>8\u00b0giorno : Merzouga \u2013 Midelt \u2013 Fes.<\/strong><\/p>\n<p>Al mattino dopo colazione partenza direzione Fes, passando attraverso l&#8217;incantevole Valle dello Ziz, dove faremo sosta per ammirare il panorama e scattare qualche foto. Proseguiremo il nostro cammino fino a Midelt, dove ci fermeremo per un pranzo rilassante. Continueremo\u00a0 verso Ifrane conosciuta come &#8220;La Svizzera Marocchina&#8221;. Faremo una breve sosta ad Azrou per visitare il suo incantevole boschetto di cedri e conoscere le simpatiche scimmiette che lo abitano, per giungere infine in tarda serata a Fes, dove ci fermeremo per la notte.<\/p>\n<p><strong>9\u00b0giorno: Visita di Fes.<\/strong><\/p>\n<p>Dopo colazione incontro con la guida ufficiale per la giornata completamente dedicata alla scoperta\u00a0 dell&#8217;incantevole citt\u00e0 di Fes, la pi\u00f9 antica tra le citt\u00e0 imperiali, ricca di fascino e cultura. Fondata nel secolo VIII ad opera di Moulay Idriss II. Visita della sua labirintica Medina, La Medersa Attarine, La Fonte Ennajarine, Il Mausoleo di Moulay Idriss II,\u00a0 la Moschea di Karawiyin, la nuova Medina di Fes Jdid e per finire la spettacolare visita alle famose concerie di Fes.<\/p>\n<p><strong>10\u00b0giorno: Fez \u2013 Volubilis \u2013 Meknes.<\/strong><\/p>\n<p>Ancora qualche ora per approfondire la conoscenza di Fes, e poi partenza direzione Meknes passando per Volubilis antico e affascinante sito archeologico del Marocco, dichiarato dall&#8217;UNESCO Patrimonio dell&#8217;Umanit\u00e0, dove\u00a0 grazie agli scavi sono state riportate alla luce le imponenti rovine di una citt\u00e0 Romana ricca di edifici civili e di culto, quartieri residenziali, e oleifici. Possibilit\u00e0 di visitare la citt\u00e0 santa di Moulay Idriss, centro di pellegrinaggio per i Marocchini. Arriveremo infine a Meknes, in tempo per una approfondita visita di questa sorprendente Citta imperiale e dove ci fermeremo per la notte.<\/p>\n<p><strong>11\u00b0 giorno: Meknes \u2013 Rabat \u2013 Casablanca<\/strong><\/p>\n<p>Partenza in mattinata direzione Casablanca, non prima per\u00f2 di una visita ad una delle citt\u00e0 imperiali nonche capitale Politica e centro amministrativo del Regno: Rabat. Completamente cinta da antiche mura risalenti al regno degli Almohadi. Con la sua affascinante Medina, la Kasba degli Oudaia e i suoi musei vi conquister\u00e0.\u00a0 Arrivo a Casablanca in serata.<\/p>\n<p><strong>12\u00b0giorno : Casablanca.<\/strong><\/p>\n<p>Dopo colazione mattinata libera per la scoperta di Casablanca, incontro all&#8217;ora prestabilita per il traferimento in aeroporto o altro luogo richiesto. Fine dei nostri servizi.<\/p>\n<div class=\"wpb_text_column wpb_content_element \">\n<div class=\"wpb_wrapper\">\n<p><strong>Se gli itinerari da noi proposti non dovessero coincidere con le vostre necessit\u00e0 o interessi, non esitate a mettervi in contatto con noi,\u00a0 prepareremo insieme il vostro viaggio su misura per voi<\/strong>.<\/p>\n<p><strong>Incluso nel Tour:<\/strong><\/p>\n<ul>\n<li>Trasporto (4\u00d74 Toyota, Land Cruiser \u2013 mini bus).<\/li>\n<li>Carbutante<\/li>\n<li>Guida-Autista con buona conoscenza della vostra lingua.<\/li>\n<li>Pernottamento mezza pensione in Hotel\/Riad.<\/li>\n<li>Escursione in cammello<\/li>\n<li>Notte in tenda Berbera.<\/li>\n<\/ul>\n<p><strong>Non incluso nel Tour:<\/strong><\/p>\n<ul>\n<li>Biglietti aerei.<\/li>\n<li>Pranzi.<\/li>\n<li>Bevande.<\/li>\n<li>Biglietti Ingresso a monumenti storici.<\/li>\n<\/ul>\n<\/div>\n<\/div>\n<p>[\/vc_column_text][vc_empty_space height=&#8221;12px&#8221;][\/vc_column][\/vc_row]<\/p>\n<\/div>","protected":false},"excerpt":{"rendered":"<p>[vc_row full_width=&#8221;&#8221; parallax=&#8221;&#8221; parallax_image=&#8221;&#8221;][vc_column width=&#8221;1\/1&#8243;][vc_empty_space height=&#8221;12px&#8221;][vc_custom_heading text=&#8221;Tour Marocco 12 giorni con partenza da Casablanca &#8211; Citt\u00e0 imperiali &#8211; Deserto.&#8221; font_container=&#8221;tag:h2|font_size:25|text_align:center|color:%231e73be&#8221; google_fonts=&#8221;font_family:Delius%3Aregular|font_style:400%20regular%3A400%3Anormal&#8221;][vc_column_text css_animation=&#8221;&#8221;] 1\u00b0giorno : Arrivo a<span class=\"excerpt-hellip\"> [\u2026]<\/span><\/p>\n","protected":false},"author":1,"featured_media":0,"parent":0,"menu_order":0,"comment_status":"closed","ping_status":"closed","template":"","meta":{"footnotes":""},"class_list":["post-565","page","type-page","status-publish","hentry"],"_links":{"self":[{"href":"https:\/\/www.toursamarruecos.com\/it\/wp-json\/wp\/v2\/pages\/565","targetHints":{"allow":["GET"]}}],"collection":[{"href":"https:\/\/www.toursamarruecos.com\/it\/wp-json\/wp\/v2\/pages"}],"about":[{"href":"https:\/\/www.toursamarruecos.com\/it\/wp-json\/wp\/v2\/types\/page"}],"author":[{"embeddable":true,"href":"https:\/\/www.toursamarruecos.com\/it\/wp-json\/wp\/v2\/users\/1"}],"replies":[{"embeddable":true,"href":"https:\/\/www.toursamarruecos.com\/it\/wp-json\/wp\/v2\/comments?post=565"}],"version-history":[{"count":0,"href":"https:\/\/www.toursamarruecos.com\/it\/wp-json\/wp\/v2\/pages\/565\/revisions"}],"wp:attachment":[{"href":"https:\/\/www.toursamarruecos.com\/it\/wp-json\/wp\/v2\/media?parent=565"}],"curies":[{"name":"wp","href":"https:\/\/api.w.org\/{rel}","templated":true}]}}