{"id":531,"date":"2015-08-08T12:53:47","date_gmt":"2015-08-08T12:53:47","guid":{"rendered":"http:\/\/toursamarruecos.com\/?page_id=531"},"modified":"2015-09-02T00:22:28","modified_gmt":"2015-09-02T00:22:28","slug":"escursioni-in-giornata-da-fes","status":"publish","type":"page","link":"https:\/\/www.toursamarruecos.com\/it\/escursioni-in-giornata-da-fes\/","title":{"rendered":"Escursioni in giornata da Fes"},"content":{"rendered":"<div class=\"wpb-content-wrapper\"><p>[vc_row full_width=&#8221;&#8221; parallax=&#8221;&#8221; parallax_image=&#8221;&#8221;][vc_column width=&#8221;1\/1&#8243;][vc_empty_space height=&#8221;10px&#8221;][vc_custom_heading text=&#8221;ESCURSIONI IN GIORNATA DA FES&#8221; font_container=&#8221;tag:h2|font_size:30|text_align:center|color:%231e73be&#8221; google_fonts=&#8221;font_family:Delius%3Aregular|font_style:400%20regular%3A400%3Anormal&#8221;][\/vc_column][\/vc_row][vc_row full_width=&#8221;&#8221; parallax=&#8221;&#8221; parallax_image=&#8221;&#8221;][vc_column width=&#8221;1\/2&#8243;][vc_single_image image=&#8221;258&#8243; alignment=&#8221;center&#8221; style=&#8221;vc_box_shadow_3d&#8221; border_color=&#8221;grey&#8221; img_link_large=&#8221;&#8221; img_link_target=&#8221;_self&#8221; css_animation=&#8221;&#8221; img_size=&#8221;large&#8221;][\/vc_column][vc_column width=&#8221;1\/2&#8243;][vc_column_text]<strong>Escursione a Volubilis<\/strong><\/p>\n<p>Volubilis \u00e8 una antica citt\u00e0 Romana, situata a circa 33 Km a Nord di Meknes. Si estende su una superficie di 40 ettari, nei quali sono visibili resti archeologici tra i migliori e meglio conservati del Marocco. Dichiarata dall\u2019Unesco nel 1997, Patrimonio dell\u2019Umanit\u00e0. Una piacevole passeggiata alla scoperta delle antiche rovine, il foro, la basilica e il tempio di Giove, le terme, l\u2019arco di Caracalla e gli splendidi mosaici.\u00a0Visita guidata facoltativa.[\/vc_column_text][vc_btn title=&#8221;Dettagli e prezzi&#8221; style=&#8221;flat&#8221; shape=&#8221;rounded&#8221; color=&#8221;primary&#8221; size=&#8221;sm&#8221; align=&#8221;center&#8221; i_align=&#8221;left&#8221; i_type=&#8221;fontawesome&#8221; i_icon_fontawesome=&#8221;fa fa-adjust&#8221; i_icon_openiconic=&#8221;vc-oi vc-oi-dial&#8221; i_icon_typicons=&#8221;typcn typcn-adjust-brightness&#8221; i_icon_entypo=&#8221;entypo-icon entypo-icon-note&#8221; i_icon_linecons=&#8221;vc_li vc_li-heart&#8221; css_animation=&#8221;&#8221; button_block=&#8221;true&#8221; add_icon=&#8221;&#8221; i_icon_pixelicons=&#8221;vc_pixel_icon vc_pixel_icon-alert&#8221; link=&#8221;url:http%3A%2F%2Ftoursamarruecos.com%2Fit%2Fcontatti||&#8221;][\/vc_column][\/vc_row][vc_row full_width=&#8221;&#8221; parallax=&#8221;&#8221; parallax_image=&#8221;&#8221;][vc_column width=&#8221;1\/2&#8243;][vc_single_image image=&#8221;259&#8243; alignment=&#8221;center&#8221; style=&#8221;vc_box_shadow_3d&#8221; border_color=&#8221;grey&#8221; img_link_large=&#8221;&#8221; img_link_target=&#8221;_self&#8221; css_animation=&#8221;&#8221; img_size=&#8221;large&#8221;][\/vc_column][vc_column width=&#8221;1\/2&#8243;][vc_column_text css_animation=&#8221;&#8221;]<strong>Escursione a Meknes<\/strong><\/p>\n<p>Meknes, \u00e8, rispetto alle altre citt\u00e0 imperiali di Rabat, Marrakech, Fes, la pi\u00f9 modesta calma e rilassante. Completamente circondata da campi coltivati, \u00e8 infatti la produzione agricola, la maggior fonte di sostentamento di questa citt\u00e0. Curiosamente da quanto si possa pensare in un paese musulmano quale il Marocco, dove l\u2019uso di alcolici \u00e8 proibito, Meknes \u00e8 anche la maggiore produtrice di vino di tutta la regione. A Meknes potrete visitare oltre che i suoi coloratissimi souq, Piazza el-Hedim che \u00e8 un p\u00f2 come per Marrakech Jamaa el-Fna, il museo Dar Jamai, il Mausoleo di Moulay Ismail e la madrassa Bouanania.[\/vc_column_text][vc_btn title=&#8221;Dettagli e prezzi&#8221; style=&#8221;flat&#8221; shape=&#8221;rounded&#8221; color=&#8221;primary&#8221; size=&#8221;sm&#8221; align=&#8221;center&#8221; i_align=&#8221;left&#8221; i_type=&#8221;fontawesome&#8221; i_icon_fontawesome=&#8221;fa fa-adjust&#8221; i_icon_openiconic=&#8221;vc-oi vc-oi-dial&#8221; i_icon_typicons=&#8221;typcn typcn-adjust-brightness&#8221; i_icon_entypo=&#8221;entypo-icon entypo-icon-note&#8221; i_icon_linecons=&#8221;vc_li vc_li-heart&#8221; css_animation=&#8221;&#8221; button_block=&#8221;true&#8221; add_icon=&#8221;&#8221; i_icon_pixelicons=&#8221;vc_pixel_icon vc_pixel_icon-alert&#8221; link=&#8221;url:http%3A%2F%2Ftoursamarruecos.com%2Fit%2Fcontatti||&#8221;][\/vc_column][\/vc_row][vc_row full_width=&#8221;&#8221; parallax=&#8221;&#8221; parallax_image=&#8221;&#8221; el_id=&#8221;&#8221;][vc_column width=&#8221;1\/2&#8243;][vc_single_image image=&#8221;260&#8243; alignment=&#8221;center&#8221; style=&#8221;vc_box_shadow_3d&#8221; border_color=&#8221;grey&#8221; img_link_large=&#8221;&#8221; img_link_target=&#8221;_self&#8221; css_animation=&#8221;&#8221; img_size=&#8221;large&#8221;][\/vc_column][vc_column width=&#8221;1\/2&#8243;][vc_column_text css_animation=&#8221;&#8221;]<strong>Escursione a Mulay Idris<\/strong><\/p>\n<p>Moulay Idriss \u00e8 uno dei pi\u00f9 famosi luoghi di pellegrinaggio in Marocco. Il suo nome \u00e8 in onore di Idris I, nipote di Maometto e fondatore della dinastia Idrisita. Fino alla met\u00e0 del XX secolo l\u2019ingresso alla citt\u00e0 era completamente proibito ai non Musulmani. Attualmente l\u2019unico luogo il cui ingresso \u00e8 vietato ai non Musulmani \u00e8 Il Mausoleo di Mulay Idris, comunque visitabile dall\u2019esterno, cos\u00ec come la Piazza di Mulay Idris I, le terrazze panoramiche, e il minaretto circolare unico nel suo genere in Marocco.[\/vc_column_text][vc_btn title=&#8221;Dettagli e prezzi&#8221; style=&#8221;flat&#8221; shape=&#8221;rounded&#8221; color=&#8221;primary&#8221; size=&#8221;sm&#8221; align=&#8221;center&#8221; i_align=&#8221;left&#8221; i_type=&#8221;fontawesome&#8221; i_icon_fontawesome=&#8221;fa fa-adjust&#8221; i_icon_openiconic=&#8221;vc-oi vc-oi-dial&#8221; i_icon_typicons=&#8221;typcn typcn-adjust-brightness&#8221; i_icon_entypo=&#8221;entypo-icon entypo-icon-note&#8221; i_icon_linecons=&#8221;vc_li vc_li-heart&#8221; css_animation=&#8221;&#8221; button_block=&#8221;true&#8221; add_icon=&#8221;&#8221; i_icon_pixelicons=&#8221;vc_pixel_icon vc_pixel_icon-alert&#8221; link=&#8221;url:http%3A%2F%2Ftoursamarruecos.com%2Fit%2Fcontatti||&#8221;][\/vc_column][\/vc_row][vc_row full_width=&#8221;&#8221; parallax=&#8221;&#8221; parallax_image=&#8221;&#8221; el_id=&#8221;&#8221;][vc_column width=&#8221;1\/2&#8243;][vc_single_image image=&#8221;261&#8243; alignment=&#8221;center&#8221; style=&#8221;vc_box_shadow_3d&#8221; border_color=&#8221;grey&#8221; img_link_large=&#8221;&#8221; img_link_target=&#8221;_self&#8221; css_animation=&#8221;&#8221; img_size=&#8221;large&#8221;][\/vc_column][vc_column width=&#8221;1\/2&#8243;][vc_column_text css_animation=&#8221;&#8221;]<strong>Escursione a Ifrane<\/strong><\/p>\n<p>Ifrane \u00e8 un villaggio di montagna, situato a circa 65Km a sud di Fes. Per il suo aspetto particolarmente ordinato e pulito, i numerosi parchi, laghi, e case in stile alpino, Ifrane \u00e8 conosciuta come \u201cla Svizzera Marocchina\u201d. Famosa localit\u00e0 turistica, creata da Francesi nel 1930, ambita dai pi\u00f9 benestanti del Marocco come meta estiva. Durante l\u2019inverno \u00e8 una importante e richiesta meta sciistica. Da non perdere durante la visita della citt\u00e0 \u00e8 il famoso e imponente leone di pietra, scolpito da un soldato Tedesco durante la seconda guerra mondiale, in onore dell\u2019ultimo leone di atlante. Una visita merita inoltre la prestigiosa universit\u00e0 Al-Akhawayn e gli estreni del Palazzo Reale.[\/vc_column_text][vc_btn title=&#8221;Dettagli e prezzi&#8221; style=&#8221;flat&#8221; shape=&#8221;rounded&#8221; color=&#8221;primary&#8221; size=&#8221;sm&#8221; align=&#8221;center&#8221; i_align=&#8221;left&#8221; i_type=&#8221;fontawesome&#8221; i_icon_fontawesome=&#8221;fa fa-adjust&#8221; i_icon_openiconic=&#8221;vc-oi vc-oi-dial&#8221; i_icon_typicons=&#8221;typcn typcn-adjust-brightness&#8221; i_icon_entypo=&#8221;entypo-icon entypo-icon-note&#8221; i_icon_linecons=&#8221;vc_li vc_li-heart&#8221; css_animation=&#8221;&#8221; button_block=&#8221;true&#8221; add_icon=&#8221;&#8221; i_icon_pixelicons=&#8221;vc_pixel_icon vc_pixel_icon-alert&#8221; link=&#8221;url:http%3A%2F%2Ftoursamarruecos.com%2Fit%2Fcontatti||&#8221;][\/vc_column][\/vc_row][vc_row full_width=&#8221;&#8221; parallax=&#8221;&#8221; parallax_image=&#8221;&#8221; el_id=&#8221;&#8221;][vc_column width=&#8221;1\/2&#8243;][vc_single_image image=&#8221;262&#8243; alignment=&#8221;center&#8221; style=&#8221;vc_box_shadow_3d&#8221; border_color=&#8221;grey&#8221; img_link_large=&#8221;&#8221; img_link_target=&#8221;_self&#8221; css_animation=&#8221;&#8221; img_size=&#8221;large&#8221;][\/vc_column][vc_column width=&#8221;1\/2&#8243;][vc_column_text css_animation=&#8221;&#8221;]<strong>Escursione ad Azrou e Bosco di Cedri<\/strong><\/p>\n<p>Azrou situata nel Medio Atlante, \u00e8 conosciuta pi\u00f9 che per la sua popolazione Berbera che la abita, per i suoi incantevoli Boschi di cedri dai quali \u00e8 circondata. Ad Azrou ci sono 50.000 abitanti, il pi\u00f9 famoso dei quali \u00e8 indubbiamente il \u201cGran Cedro Gouraud\u201d, il cedro millenario pi\u00f9 grande della Regione. Purtroppo morto qualche anno f\u00e0 a causa di una invasione di processionaria. A pochi metri da Cedar Gouraud, troverette alcune postazioni nelle quali potrete acquistare souvenir, bevande e noccioline da offrire alle centinaia di simpatiche scimmiette meglio conosciute come \u201cbertucce\u201d che abitano la zona. Sar\u00e0 possibile inoltre visitare la piccola medina, nella quale troverete diversi negozi e laboratori di artigianato locale, sculture in legno e tappeti.[\/vc_column_text][vc_btn title=&#8221;Dettagli e prezzi&#8221; style=&#8221;flat&#8221; shape=&#8221;rounded&#8221; color=&#8221;primary&#8221; size=&#8221;sm&#8221; align=&#8221;center&#8221; i_align=&#8221;left&#8221; i_type=&#8221;fontawesome&#8221; i_icon_fontawesome=&#8221;fa fa-adjust&#8221; i_icon_openiconic=&#8221;vc-oi vc-oi-dial&#8221; i_icon_typicons=&#8221;typcn typcn-adjust-brightness&#8221; i_icon_entypo=&#8221;entypo-icon entypo-icon-note&#8221; i_icon_linecons=&#8221;vc_li vc_li-heart&#8221; css_animation=&#8221;&#8221; button_block=&#8221;true&#8221; add_icon=&#8221;&#8221; i_icon_pixelicons=&#8221;vc_pixel_icon vc_pixel_icon-alert&#8221; link=&#8221;url:http%3A%2F%2Ftoursamarruecos.com%2Fit%2Fcontatti||&#8221;][\/vc_column][\/vc_row][vc_row full_width=&#8221;&#8221; parallax=&#8221;&#8221; parallax_image=&#8221;&#8221;][vc_column width=&#8221;1\/1&#8243;][vc_custom_heading text=&#8221;MAPPA DELLE ESCURSIONI DA FES&#8221; font_container=&#8221;tag:h2|font_size:30|text_align:center|color:%231e73be&#8221; google_fonts=&#8221;font_family:Delius%3Aregular|font_style:400%20regular%3A400%3Anormal&#8221;][vc_gmaps link=&#8221;#E-8_JTNDaWZyYW1lJTIwc3JjJTNEJTIyaHR0cHMlM0ElMkYlMkZ3d3cuZ29vZ2xlLmNvbSUyRm1hcHMlMkZkJTJGZW1iZWQlM0ZtaWQlM0R6UFdOY2pjMmdNQ28ua1l6S2YtRXVaYWc4JTIyJTIwd2lkdGglM0QlMjI2NDAlMjIlMjBoZWlnaHQlM0QlMjI0ODAlMjIlM0UlM0MlMkZpZnJhbWUlM0U=&#8221; size=&#8221;300&#8243;][\/vc_column][\/vc_row]<\/p>\n<\/div>","protected":false},"excerpt":{"rendered":"<p>[vc_row full_width=&#8221;&#8221; parallax=&#8221;&#8221; parallax_image=&#8221;&#8221;][vc_column width=&#8221;1\/1&#8243;][vc_empty_space height=&#8221;10px&#8221;][vc_custom_heading text=&#8221;ESCURSIONI IN GIORNATA DA FES&#8221; font_container=&#8221;tag:h2|font_size:30|text_align:center|color:%231e73be&#8221; google_fonts=&#8221;font_family:Delius%3Aregular|font_style:400%20regular%3A400%3Anormal&#8221;][\/vc_column][\/vc_row][vc_row full_width=&#8221;&#8221; parallax=&#8221;&#8221; parallax_image=&#8221;&#8221;][vc_column width=&#8221;1\/2&#8243;][vc_single_image image=&#8221;258&#8243; alignment=&#8221;center&#8221; style=&#8221;vc_box_shadow_3d&#8221; border_color=&#8221;grey&#8221; img_link_large=&#8221;&#8221; img_link_target=&#8221;_self&#8221; css_animation=&#8221;&#8221; img_size=&#8221;large&#8221;][\/vc_column][vc_column width=&#8221;1\/2&#8243;][vc_column_text]Escursione<span class=\"excerpt-hellip\"> [\u2026]<\/span><\/p>\n","protected":false},"author":1,"featured_media":0,"parent":0,"menu_order":0,"comment_status":"closed","ping_status":"closed","template":"","meta":{"footnotes":""},"class_list":["post-531","page","type-page","status-publish","hentry"],"_links":{"self":[{"href":"https:\/\/www.toursamarruecos.com\/it\/wp-json\/wp\/v2\/pages\/531","targetHints":{"allow":["GET"]}}],"collection":[{"href":"https:\/\/www.toursamarruecos.com\/it\/wp-json\/wp\/v2\/pages"}],"about":[{"href":"https:\/\/www.toursamarruecos.com\/it\/wp-json\/wp\/v2\/types\/page"}],"author":[{"embeddable":true,"href":"https:\/\/www.toursamarruecos.com\/it\/wp-json\/wp\/v2\/users\/1"}],"replies":[{"embeddable":true,"href":"https:\/\/www.toursamarruecos.com\/it\/wp-json\/wp\/v2\/comments?post=531"}],"version-history":[{"count":0,"href":"https:\/\/www.toursamarruecos.com\/it\/wp-json\/wp\/v2\/pages\/531\/revisions"}],"wp:attachment":[{"href":"https:\/\/www.toursamarruecos.com\/it\/wp-json\/wp\/v2\/media?parent=531"}],"curies":[{"name":"wp","href":"https:\/\/api.w.org\/{rel}","templated":true}]}}