{"id":1143,"date":"2016-02-10T14:08:15","date_gmt":"2016-02-10T14:08:15","guid":{"rendered":"http:\/\/toursamarruecos.com\/?page_id=1143"},"modified":"2016-02-10T14:11:40","modified_gmt":"2016-02-10T14:11:40","slug":"tour-8-giorni-da-tangeri-verso-fes-desert-e-marrakech","status":"publish","type":"page","link":"https:\/\/www.toursamarruecos.com\/it\/tour-8-giorni-da-tangeri-verso-fes-desert-e-marrakech\/","title":{"rendered":"Tour 8 giorni da Tangeri verso Fes desert e Marrakech"},"content":{"rendered":"<div class=\"wpb-content-wrapper\"><p>[vc_row full_width=&#8221;&#8221; parallax=&#8221;&#8221; parallax_image=&#8221;&#8221;][vc_column width=&#8221;1\/1&#8243;][vc_empty_space height=&#8221;12px&#8221;][vc_custom_heading text=&#8221;Tour 8 giorni da Tangeri verso Fes deserto di Merzouga e Marrakech&#8221; font_container=&#8221;tag:h2|font_size:22|text_align:center|color:%23000000&#8243; google_fonts=&#8221;font_family:Delius%3Aregular|font_style:400%20regular%3A400%3Anormal&#8221;][vc_column_text css_animation=&#8221;&#8221;]<strong>1\u00b0giorno: Tangeri \u2013 Chefchaouen \u2013 Fes.<\/strong><\/p>\n<p>Incontro al porto o aeroporto di riferimento per partire subito direzione Chefchaouen attraverso le montagne del Rif e la citt\u00e0 di Tetouan. Arrivo a Chefchaouen \u201cla citt\u00e0 blu\u201d incantovele cittadina ai piedi delle montagne del Rif, la sua medina conserva ancora l\u2019impronta Andalusa, con tutti i suoi graziosi negozietti di artigianato locale, le sue strette stradine tutte di blu dipinte le sue caffetterie e ristoranti tipici vi affasciner\u00e0 dal primo istante. Qui Faremo sosta per un pranzo rilassante proseguiremo poi direzione Fes dove passeremo la notte.<\/p>\n<p><strong>2\u00b0Giorno\u00a0: Visita di Fes<\/strong><\/p>\n<p>Fondata nel 790 da Moulay Idriss, Fez \u00e8 la capitale religiosa, intellettuale e artistica del Marocco. La scoprerta di Fes vi butta nei labirinti delle vie strette e tortuose, tagliate con le scale ed i passaggi coperti. Scoprirete la pi\u00f9 grande e sicuramente una delle pi\u00f9 belle delle antiche universit\u00e0 coraniche, la Medersa Attarine e anche la piazza Najjarine famosa per la sua magnifica fontana decorata con mosaici, zellig e stucchi, la spianata del palazzo reale e la sua sontuosa porta dorata, ed i vestigi delle tombe Merinidi ( dinastia del XIII \u2013 XIV) . Godetevi la vista dall\u2019alto della citt\u00e0, le sue mura ed il paesaggio che la circonda, prima di colorare il vostro percorso, visitando le fabbriche di cuoio e tappeto .<\/p>\n<p><strong>3\u00b0giorno: Fes \u2013 Ifrane \u2013 Midelt \u2013 Gole dello \u00a0Ziz \u2013 Erfoud \u2013 Rissani \u2013 Merzouga.<\/strong><\/p>\n<p>Dopo una ricca colazione partenza direzione sud, passando per\u00a0 Ifrane e Azrou\u00a0 attraverso le incatevoli montagne del Medio Atlante. Durante il tragitto faremo sosta nel meraviglioso Bosco di cedri dove avremo modo di conoscere le simpatiche scimmiette che lo abitano. Proseguiremo direzione Midelt, con vista delle magnifiche Gole e Valle dello Ziz scavate nella roccia vulcanica. Continueremo il nostro tour sempre pi\u00f9 verso sud, e ci stupiremo difronte alla variet\u00e0 dei paesaggi che incontreremo lungo il tragito addentrandoci sempre pi\u00f9 nelle zone desertiche. Dopo un rilassante pranzo proseguiremo direzione Erfoud, Rissani e poi finalmente Merzouga, piccolo villaggio ai piedi delle dune dorate dell\u2019Erg-Chebbi. Il tempo di un rigenerante t\u00e8 alla menta, e poi via per un\u2019avventurosa ed entusiasmante passeggiata in mezzo alle imponenti dune a dorso dei nostri dromedari. Giungeremo nel punto pi\u00f9 alto per assistere allo spettacolo del tramonto e poi sosta in un accampamento stile berbero in pieno deserto, dove ci verr\u00e0 servita una tipica cena a tema. Dopo cena ci riuniremo intorno al fuoco per godere di tanta musica, canti e balli della tradizione berbera, circondati e avvolti da un mare di stelle come non ne avrete mai viste.<\/p>\n<p><strong>4\u00b0Giorno: Merzouga \u2013 Erg Chebbi \u2013 Merzouga.<\/strong><\/p>\n<p>Sveglia presto per assistere allo spettacolo dell\u2019Alba, ritorno in Hotel in Cammello. Dopo una ricca colazione e doccia, andremo alla scoperta delle meraviglie del Deserto in 4X4, Passeremo attraverso oasi, territori nomadi, le miniere di Mifiss e faremo sosta nel Villaggio Kamlia, abitato da neri provenienti dalla Regione del Mali, famosi per la loro musica Gnawa. Rientreremo in Hotel per il pranzo. Sera libera per godere della calma e tranquillit\u00e0 del Deserto. Cena e pernottamento in Hotel.<\/p>\n<p><strong>5\u00b0giorno: Merzouga \u2013 Gole del Todra \u2013 Gole de Dades.<\/strong><\/p>\n<p>Sveglia presto per assistere allo spettacolo dell\u2019alba in pieno deserto e poi monteremo nuovante i nostri dromedari per fare ritorno all\u2019albergo di partenza, dove, dopo una rigenerante doccia, ci verr\u00e0 servita una ricca colazione. Proseguiremo direzione\u00a0 Tinghir per giungere infine alla spettacolare Valle e Gole del Dades dove passeremo la notte.<\/p>\n<p><strong>6\u00b0giorno: Gole del Dades \u2013 Skoura \u2013 Ouarzazate \u2013 Ait Ben Haddou Kasbah \u2013 Alto Atlante \u2013 Marrakech.<\/strong><\/p>\n<p>Partenza in mattinata. Attraverseremo la Valle del Dades fino a giungere all\u2019incantevole Kashah di Ait Ben Haddou dove faremo sosta per il pranzo. Passando per Kalaat Mgouna, Valle delle Rose famosa per la coltivazione di quest\u2019ultime celebrata con un famoso festival, Skoura con i suoi palmeti, frutteti, orti e cambi verde smeraldo. Passando per l\u2019incantevole via delle mille Kasbahs giungeremo poi ad\u00a0 Ouarzazate, chiamata la \u201cHollywood Marocchina\u201d per via della presenze dei famosi Studi Cinematografici \u201cAtlas\u201d che \u00e8 possibile visitare, nonch\u00e8 set di\u00a0 famose pellicole\u00a0 quali: Lawrence d\u2019Arabia, Il t\u00e8 nel Deserto e tante altre, per giungere infine per pranzo ad Ait Ben Haddou dichiarata dall\u2019UNESCO Patrimonio dell\u2019Umanit\u00e0. Il nostro tour continuer\u00e0 poi direzione Marrakech, passando attraverso le spettacolari montagne dell\u2019Alto Atlante, Il passo di Tizi Ntichka che con i suoi 2.260m di altitudine risulta essere il punto pi\u00f9 alto. Possibilit\u00e0 di visitare una cooperativa di olio di Argan, arrivo a Marrakech in tarda serata.<\/p>\n<p><strong>7\u00b0Giorno\u00a0: Visita di Marrakech<\/strong><\/p>\n<p>La vostra giornata sar\u00e0 interamente dedicata alla \u201cPerla del Sud\u201d. Tra i monumenti testimoni della sua grande storia, visiterete segnatamente la moschea Koutoubia, la cui la maestosa siluetta domina le case rosse ed i palazzi di colore terra, il Palazzo Bahia sede del Gran Visir Ba Hmad (fine 19 \u00b0. Tombe Saadiane (16 \u00b0) e la famosa piazza Jemaa El Fna, cuore battente e spettacolo permanente di Marrakech, classificata al patrimonio orale dell\u2019umanit\u00e0, dove si farete una pausa rinfrescante. Proprio accanto, troverete il famoso Souq nell\u2019antica Medina, con i fabbri, le tintorie, le marocchinerie, i venditori di spezie con delle buone fragranze, gli ebanisti, i sarti, ecc.<\/p>\n<p><strong>8\u00b0Giorno\u00a0: Marrakech \u2013 Aeroporto<\/strong><\/p>\n<p>Colazione in Hotel, a l\u2019ora indicata trasferimento all\u2019aeroporto. Fine dei nostri servizi.<\/p>\n<p><strong>Se gli itinerari da noi proposti non dovessero coincidere con le vostre necessit\u00e0 o interessi, non esitate a mettervi in contatto con noi,\u00a0 prepareremo insieme il vostro viaggio su misura per voi<\/strong>.<\/p>\n<p><strong>Incluso nel Tour:<\/strong><\/p>\n<ul>\n<li>Trasporto (4\u00d74 Toyota, Land Cruiser \u2013 mini bus).<\/li>\n<li>Carbutante<\/li>\n<li>Guida-Autista con buona conoscenza della vostra lingua.<\/li>\n<li>Pernottamento mezza pensione in Hotel\/Riad.<\/li>\n<li>Escursione in cammello<\/li>\n<li>Notte in tenda Berbera.<\/li>\n<\/ul>\n<p><strong>Non incluso nel Tour:<\/strong><\/p>\n<ul>\n<li>Biglietti aerei.<\/li>\n<li>Pranzi.<\/li>\n<li>Bevande.<\/li>\n<li>Biglietti Ingresso a monumenti storici.<\/li>\n<\/ul>\n<p>[\/vc_column_text][vc_empty_space height=&#8221;12px&#8221;][\/vc_column][\/vc_row]<\/p>\n<\/div>","protected":false},"excerpt":{"rendered":"<p>[vc_row full_width=&#8221;&#8221; parallax=&#8221;&#8221; parallax_image=&#8221;&#8221;][vc_column width=&#8221;1\/1&#8243;][vc_empty_space height=&#8221;12px&#8221;][vc_custom_heading text=&#8221;Tour 8 giorni da Tangeri verso Fes deserto di Merzouga e Marrakech&#8221; font_container=&#8221;tag:h2|font_size:22|text_align:center|color:%23000000&#8243; google_fonts=&#8221;font_family:Delius%3Aregular|font_style:400%20regular%3A400%3Anormal&#8221;][vc_column_text css_animation=&#8221;&#8221;]1\u00b0giorno: Tangeri \u2013 Chefchaouen \u2013 Fes.<span class=\"excerpt-hellip\"> [\u2026]<\/span><\/p>\n","protected":false},"author":1,"featured_media":0,"parent":0,"menu_order":0,"comment_status":"closed","ping_status":"closed","template":"","meta":{"footnotes":""},"class_list":["post-1143","page","type-page","status-publish","hentry"],"_links":{"self":[{"href":"https:\/\/www.toursamarruecos.com\/it\/wp-json\/wp\/v2\/pages\/1143","targetHints":{"allow":["GET"]}}],"collection":[{"href":"https:\/\/www.toursamarruecos.com\/it\/wp-json\/wp\/v2\/pages"}],"about":[{"href":"https:\/\/www.toursamarruecos.com\/it\/wp-json\/wp\/v2\/types\/page"}],"author":[{"embeddable":true,"href":"https:\/\/www.toursamarruecos.com\/it\/wp-json\/wp\/v2\/users\/1"}],"replies":[{"embeddable":true,"href":"https:\/\/www.toursamarruecos.com\/it\/wp-json\/wp\/v2\/comments?post=1143"}],"version-history":[{"count":0,"href":"https:\/\/www.toursamarruecos.com\/it\/wp-json\/wp\/v2\/pages\/1143\/revisions"}],"wp:attachment":[{"href":"https:\/\/www.toursamarruecos.com\/it\/wp-json\/wp\/v2\/media?parent=1143"}],"curies":[{"name":"wp","href":"https:\/\/api.w.org\/{rel}","templated":true}]}}