{"id":1134,"date":"2016-02-10T13:34:25","date_gmt":"2016-02-10T13:34:25","guid":{"rendered":"http:\/\/toursamarruecos.com\/?page_id=1134"},"modified":"2016-02-10T13:38:52","modified_gmt":"2016-02-10T13:38:52","slug":"tour-del-marocco-14-giorni-partenza-da-casablanca","status":"publish","type":"page","link":"https:\/\/www.toursamarruecos.com\/it\/tour-del-marocco-14-giorni-partenza-da-casablanca\/","title":{"rendered":"Tour del Marocco 14 giorni partenza da Casablanca"},"content":{"rendered":"<div class=\"wpb-content-wrapper\"><p>[vc_row full_width=&#8221;&#8221; parallax=&#8221;&#8221; parallax_image=&#8221;&#8221;][vc_column width=&#8221;1\/1&#8243;][vc_empty_space height=&#8221;12px&#8221;][vc_custom_heading text=&#8221;Tour del Marocco 14 giorni partenza da Casablanca &#8211; Nord &#8211; Citt\u00e0 imperiali &#8211; Deserto&#8221; font_container=&#8221;tag:h2|font_size:22|text_align:center|color:%23000000&#8243; google_fonts=&#8221;font_family:Delius%3Aregular|font_style:400%20regular%3A400%3Anormal&#8221;][vc_column_text css_animation=&#8221;&#8221;]<strong>Giorno 1 : Casablanca \u2013 Trasferimento In Hotel\/Riad<\/strong><\/p>\n<p>Un nostro colloratore verra\u2019 a prendervi in aeroporto a seconda del vostro orario di arrivo. e pernottamento in Riad\/Hotel.<\/p>\n<p><strong>Giorno 2 : Casablanca \u2013 Rabat \u2013 Luxus \u2013 Assilah<\/strong><\/p>\n<p>Dopo colazione visita alla Moschea di Hasan II. Partenza alla volta di Rabat dove vi accompagneremo a visitare la Kasbah Challa, Udaia e la Torre di Hassan. Pranzo nella medina della citta\u2019. Sulla costa atlantica ci fermeremo a visitare Luxus una cittadina di origine portoghese. Breve percorso a piedi. Nel tardo pomeriggio arriveremo ad Assilah su una strada che costeggia l\u2019oceano. e pernottamento in Hotel.<\/p>\n<p><strong>Giorno 3 : Assilah \u2013 Tangeri \u2013 Tetouan \u2013 Chefchauen<\/strong><\/p>\n<p>Dopo colazione lasceremo la citta\u2019 di Assilah per dirigerci a Tangeri. Qui potrete liberamente visitare la citta\u2019, fare una passeggiata o sorseggiare un caffe\u2019 in uno dei tanti bar. Pranzeremo a Tetoun, cittadina di mare. Sceglieremo per voi un ristorantino tipico dove gusterete del pesce fresco di ottima qualita\u2019. Nel pomeriggio lasceremo la costa per dirigerci nella bellissima citta\u2019 di Chefchauen. Unica nel suo genere e\u2019 una perla rara in tutto la nazione. e pernottamento in Riad\/Hotel.<\/p>\n<p><strong>Giorno 4 : Chefchaouen<\/strong><\/p>\n<p>Giornata libera scoprire la perla bleu del paese.<\/p>\n<p><strong>Giorno 5\u00a0: Chefchaouen \u2013 Volubilis &#8211; Fes<\/strong><\/p>\n<p>Dopo prima colazione proseguiremo\u00a0 direzione Volubilis, antico e affascinante sito archeologico del Marocco, dichiarato dall\u2019UNESCO Patrimonio dell\u2019Umanit\u00e0, dove,\u00a0 grazie agli scavi sono state riportate alla luce le imponenti rovine di una citt\u00e0 Romana ricca di edifici civili e di culto, quartieri residenziali e oleifici. E poi ancora visita all\u2019antica citt\u00e0 Imperiale di Meknes, le mura della sua medina, Bab El Mansour e il santuario nonch\u00e8 citta santa di Moulay Idriss centro di pellegrinaggio per i Marocchini. Giungeremo infine a Fes in tarda serata, cena e pernottamento in Riad.<\/p>\n<p><strong>Giorno 6 : Fez :\u00a0<\/strong><br \/>\nDopo la prima colazione, la giornata sar\u00e0 dedicata alla scoperta di Fez, la pi\u00f9 antica delle citt\u00e0 imperiali e antichi borghi, fondata da Idriss II, il centro di irradiazione della cultura arabo-musulmana: la Moschea degli Andalusi, concerie, i ceramisti quartiere, Medina . Pranzo in un palazzo nella Medina. Nel pomeriggio continuano a visitare: gli edifici ispano-moresco, il Medersas, invece Nejjarine.<\/p>\n<p><strong>Giorno 7 : Fez &#8211; Midelt &#8211; Ziz Valle &#8211; Erfoud &#8211; Merzouga Dunes :<\/strong><br \/>\nSvegliarsi di prima mattina e dopo colazione. Partenza per Midelt attraverso il Medio Atlante. Sosta a Midelt per il pranzo. Proseguimento per Erfoud lungo la valle del Ziz da una serie successiva di villaggi fortificati la cui architettura ha annunciato che pre-oasi del Sahara. Arrivando alle dune di Merzouga (Erg Chebbi), sistemazione presso il Kasbah.<\/p>\n<p><strong>Giorno 8 : Merzouga &#8211; Erg chebbi &#8211; Merzouga :<\/strong><br \/>\nDopo la prima colazione, potrete fare il grand tour attraverso le dune: 2 oasi di Merzouga, il nomade di deposito Khamlia villaggio (il villaggio dei neri), le miniere MIFISS l&#8217;altopiano deserto per incontrare i Berberi nomadi L&#8217;oasi Tisserdmin. Torna alla ostello alle ore 15:00 per l&#8217;inizio della tua carovana di cammelli per vedere il tramonto sulle dune (circa un&#8217;ora e mezza a dorso di cammello). Trascorrere la notte in una tenda nomade tra le dune per godersi il silenzio del cielo del deserto pieno di stelle. Cena e pernottamento in tenda privata.<\/p>\n<p><strong>Giorno 9 : Merzouga &#8211; Rissani &#8211; Todra Gorges :<\/strong><br \/>\nDopo l&#8217;alba di nuovo in albergo per la colazione e la doccia, poi via per Tineghir via Rissani, Erfoud, Tinejdad, \u00e8 venuto alle Gole del Todra. Cena e pernottamento in hotel.<\/p>\n<p><strong>Giorno 10 : Todra Gorges &#8211; Dades Boumalen &#8211; Roses Valle &#8211; Ouarzazate :<\/strong><br \/>\nDopo la prima colazione, partenza per Ouarzazate attraverso Kelaa M&#8217;Gouna la citt\u00e0 dove si tiene ogni anno il Festival delle rose. Pranzo e proseguimento per Ouarzazate attraverso la valle del Dades, la Valle delle Rose, sosta a Ouarzazate per visitare la kasbah Ameridil, quindi proseguimento per Ouarzazate. Cena e pernottamento in hotel.<\/p>\n<p><strong>Giorno 11: Ouarzazate &#8211; Ait Ben Haddou &#8211; Ouarzazate &#8211; Marrakech :<\/strong><br \/>\nVisitare la citt\u00e0 di Ouarzazate Fondata nel 1928, che divenne un centro molto famoso film (in cui molti film sono girati come Bable, Secret of Sahara, il momey, principe di presia &#8230;..). Stop nel modo di visitare la Kasbah Ait Ben Haddou Proseguimento per Marrakech. Arrivo a Marrakech nel tardo pomeriggio. Cena e pernottamento in Riad.<\/p>\n<p><strong>Giorno 12 : Marrakech &#8211; Culturale visita :<\/strong><br \/>\nDopo la prima colazione, per tutta la giornata sar\u00e0 dedicata alla visita di Marrakech &#8220;Perla del Sud &#8220;, fondata nel secolo XI. In mattinata visita alla Koutoubia, le tombe Saadiane, il giardino della Menara e Bahia Palace. Rientro in hotel per il pranzo. Nel pomeriggio, visita il souk, la Medina e Jmaa El Fna.<br \/>\n<strong>Giorno 13 : Marrakech &#8211; Essaouira &#8211; El Jadida &#8211; Casablanca<\/strong><br \/>\nDopo la prima colazione, partenza per Essaouira. Al pranzo di pesce arrivo. Nel pomeriggio, visita della citt\u00e0 e Rull nella Medina di Essaouira, un ex fortezza portoghese noto per il suo artigianato, gioielli in argento e legno incrostato di Thuja. Pranzo \u00a0e partenza per Casablanca proseguimento per El Jadida \u00e8 lungo la costa atlantica. Arrivo a Casablanca. Cena e pernottamento<\/p>\n<p><strong>Giorno 14 : Trasferimento In Aeroporto<\/strong><\/p>\n<p>Dopo colazione, all\u2019ora prestabilita trasferimento all\u2019aeroporto. Fine dei nostri servizi.<\/p>\n<p><strong>Se gli itinerari da noi proposti non dovessero coincidere con le vostre necessit\u00e0 o interessi, non esitate a mettervi in contatto con noi,\u00a0 prepareremo insieme il vostro viaggio su misura per voi<\/strong>.<\/p>\n<p><strong>Incluso nel Tour:<\/strong><\/p>\n<ul>\n<li>Trasporto (4\u00d74 Toyota, Land Cruiser \u2013 mini bus).<\/li>\n<li>Carbutante<\/li>\n<li>Guida-Autista con buona conoscenza della vostra lingua.<\/li>\n<li>Pernottamento mezza pensione in Hotel\/Riad.<\/li>\n<li>Escursione in cammello<\/li>\n<li>Notte in tenda Berbera.<\/li>\n<\/ul>\n<p><strong>Non incluso nel Tour:<\/strong><\/p>\n<ul>\n<li>Biglietti aerei.<\/li>\n<li>Pranzi.<\/li>\n<li>Bevande.<\/li>\n<li>Biglietti Ingresso a monumenti storici.<\/li>\n<\/ul>\n<p>[\/vc_column_text][vc_empty_space height=&#8221;12px&#8221;][\/vc_column][\/vc_row]<\/p>\n<\/div>","protected":false},"excerpt":{"rendered":"<p>[vc_row full_width=&#8221;&#8221; parallax=&#8221;&#8221; parallax_image=&#8221;&#8221;][vc_column width=&#8221;1\/1&#8243;][vc_empty_space height=&#8221;12px&#8221;][vc_custom_heading text=&#8221;Tour del Marocco 14 giorni partenza da Casablanca &#8211; Nord &#8211; Citt\u00e0 imperiali &#8211; Deserto&#8221; font_container=&#8221;tag:h2|font_size:22|text_align:center|color:%23000000&#8243; google_fonts=&#8221;font_family:Delius%3Aregular|font_style:400%20regular%3A400%3Anormal&#8221;][vc_column_text css_animation=&#8221;&#8221;]Giorno 1 :<span class=\"excerpt-hellip\"> [\u2026]<\/span><\/p>\n","protected":false},"author":1,"featured_media":0,"parent":0,"menu_order":0,"comment_status":"closed","ping_status":"closed","template":"","meta":{"footnotes":""},"class_list":["post-1134","page","type-page","status-publish","hentry"],"_links":{"self":[{"href":"https:\/\/www.toursamarruecos.com\/it\/wp-json\/wp\/v2\/pages\/1134","targetHints":{"allow":["GET"]}}],"collection":[{"href":"https:\/\/www.toursamarruecos.com\/it\/wp-json\/wp\/v2\/pages"}],"about":[{"href":"https:\/\/www.toursamarruecos.com\/it\/wp-json\/wp\/v2\/types\/page"}],"author":[{"embeddable":true,"href":"https:\/\/www.toursamarruecos.com\/it\/wp-json\/wp\/v2\/users\/1"}],"replies":[{"embeddable":true,"href":"https:\/\/www.toursamarruecos.com\/it\/wp-json\/wp\/v2\/comments?post=1134"}],"version-history":[{"count":0,"href":"https:\/\/www.toursamarruecos.com\/it\/wp-json\/wp\/v2\/pages\/1134\/revisions"}],"wp:attachment":[{"href":"https:\/\/www.toursamarruecos.com\/it\/wp-json\/wp\/v2\/media?parent=1134"}],"curies":[{"name":"wp","href":"https:\/\/api.w.org\/{rel}","templated":true}]}}