{"id":1131,"date":"2016-02-10T13:16:10","date_gmt":"2016-02-10T13:16:10","guid":{"rendered":"http:\/\/toursamarruecos.com\/?page_id=1131"},"modified":"2016-02-10T13:28:10","modified_gmt":"2016-02-10T13:28:10","slug":"tour-10-giorni-da-casablanca-verso-fes-deserto-e-marrakech","status":"publish","type":"page","link":"https:\/\/www.toursamarruecos.com\/it\/tour-10-giorni-da-casablanca-verso-fes-deserto-e-marrakech\/","title":{"rendered":"Tour 10 Giorni da Casablanca verso Fes Deserto e Marrakech"},"content":{"rendered":"<div class=\"wpb-content-wrapper\"><p>[vc_row full_width=&#8221;&#8221; parallax=&#8221;&#8221; parallax_image=&#8221;&#8221;][vc_column width=&#8221;1\/1&#8243;][vc_empty_space height=&#8221;12px&#8221;][vc_custom_heading text=&#8221;Tour 10 giorni da Casablanca verso Fes &#8211; Deserto di Merzouga e Marrakech&#8221; font_container=&#8221;tag:h2|font_size:22|text_align:center|color:%23000000&#8243; google_fonts=&#8221;font_family:Delius%3Aregular|font_style:400%20regular%3A400%3Anormal&#8221;][vc_column_text css_animation=&#8221;&#8221;]<strong>Giorno 1 : Casablanca -Rabat &#8211; Meknes -Fez :\u00a0<\/strong><br \/>\nRicevimento in aeroporto e partenza per fare la visita della moschea di Hassan II, dopo proseguimento per Rabat, visitare la capitale amministrativa e politica e dopo \u00a0partenza per Fez via Moulay Idriss, citt\u00e0 santa e visitare le rovine romane di Volubilis. Pranzo a Volubilis e Meknes conosciuta come &#8220;La Versailles del Marocco&#8221;. Visitare i monumenti di Meknes. Arrivo a Fes. Cena e pernottamento in hotel.<\/p>\n<p><strong>Giorno 2 : Fez :\u00a0<\/strong><br \/>\nDopo la prima colazione, la giornata sar\u00e0 dedicata alla scoperta di Fez, la pi\u00f9 antica delle citt\u00e0 imperiali e antichi borghi, fondata da Idriss II, il centro di irradiazione della cultura arabo-musulmana: la Moschea degli Andalusi, concerie, i ceramisti quartiere, Medina . Pranzo in un palazzo nella Medina. Nel pomeriggio continuano a visitare: gli edifici ispano-moresco, il Medersas, invece Nejjarine.<\/p>\n<p><strong>Giorno 3 : Fez &#8211; Midelt &#8211; Ziz Valle &#8211; Erfoud &#8211; Merzouga Dunes :<\/strong><br \/>\nSvegliarsi di prima mattina e dopo colazione. Partenza per Midelt attraverso il Medio Atlante. Sosta a Midelt per il pranzo. Proseguimento per Erfoud lungo la valle del Ziz da una serie successiva di villaggi fortificati la cui architettura ha annunciato che pre-oasi del Sahara. Arrivando alle dune di Merzouga (Erg Chebbi), sistemazione presso il Kasbah.<\/p>\n<p><strong>Giorno 4 : Merzouga &#8211; Erg chebbi &#8211; Merzouga :<\/strong><br \/>\nDopo la prima colazione, potrete fare il grand tour attraverso le dune: 2 oasi di Merzouga, il nomade di deposito Khamlia villaggio (il villaggio dei neri), le miniere MIFISS l&#8217;altopiano deserto per incontrare i Berberi nomadi L&#8217;oasi Tisserdmin. Torna alla ostello alle ore 15:00 per l&#8217;inizio della tua carovana di cammelli per vedere il tramonto sulle dune (circa un&#8217;ora e mezza a dorso di cammello). Trascorrere la notte in una tenda nomade tra le dune per godersi il silenzio del cielo del deserto pieno di stelle. Cena e pernottamento in tenda privata.<\/p>\n<p><strong>Giorno 5 : Merzouga &#8211; Rissani &#8211; Todra Gorges :<\/strong><br \/>\nDopo l&#8217;alba di nuovo in albergo per la colazione e la doccia, poi via per Tineghir via Rissani, Erfoud, Tinejdad, \u00e8 venuto alle Gole del Todra. Cena e pernottamento in hotel.<\/p>\n<p><strong>Giorno 6 : Todra Gorges &#8211; Dades Boumalen &#8211; Roses Valle &#8211; Ouarzazate :<\/strong><br \/>\nDopo la prima colazione, partenza per Ouarzazate attraverso Kelaa M&#8217;Gouna la citt\u00e0 dove si tiene ogni anno il Festival delle rose. Pranzo e proseguimento per Ouarzazate attraverso la valle del Dades, la Valle delle Rose, sosta a Ouarzazate per visitare la kasbah Ameridil, quindi proseguimento per Ouarzazate. Cena e pernottamento in hotel.<\/p>\n<p><strong>Giorno 7 : Ouarzazate &#8211; Ait Ben Haddou &#8211; Ouarzazate &#8211; Marrakech :<\/strong><br \/>\nVisitare la citt\u00e0 di Ouarzazate Fondata nel 1928, che divenne un centro molto famoso film (in cui molti film sono girati come Bable, Secret of Sahara, il momey, principe di presia &#8230;..). Stop nel modo di visitare la Kasbah Ait Ben Haddou Proseguimento per Marrakech. Arrivo a Marrakech nel tardo pomeriggio. Cena e pernottamento in Riad.<\/p>\n<p><strong>Giorno 8 : Marrakech &#8211; Culturale visita :<\/strong><br \/>\nDopo la prima colazione, per tutta la giornata sar\u00e0 dedicata alla visita di Marrakech &#8220;Perla del Sud &#8220;, fondata nel secolo XI. In mattinata visita alla Koutoubia, le tombe Saadiane, il giardino della Menara e Bahia Palace. Rientro in hotel per il pranzo. Nel pomeriggio, visita il souk, la Medina e Jmaa El Fna. In serata, cena in un ristorante marocchino. Housing. .<br \/>\n<strong>Giorno 9 : Marrakech &#8211; Essaouira &#8211; El Jadida &#8211; Casablanca<\/strong><br \/>\nDopo la prima colazione, partenza per Essaouira. Al pranzo di pesce arrivo. Nel pomeriggio, visita della citt\u00e0 e Rull nella Medina di Essaouira, un ex fortezza portoghese noto per il suo artigianato, gioielli in argento e legno incrostato di Thuja. Pranzo \u00a0e partenza per Casablanca proseguimento per El Jadida \u00e8 lungo la costa atlantica. Arrivo a Casablanca. Cena e pernottamento.<\/p>\n<p><strong>Giorno 10 : Casablanca &#8211; Mohamed V Airport :<\/strong><br \/>\nDopo la prima colazione, trasferimento in aeroporto Mohammed V di Casablanca.<br \/>\nFine dei nostri servizi<\/p>\n<p><strong>Se gli itinerari da noi proposti non dovessero coincidere con le vostre necessit\u00e0 o interessi, non esitate a mettervi in contatto con noi,\u00a0 prepareremo insieme il vostro viaggio su misura per voi<\/strong>.<\/p>\n<p><strong>Incluso nel Tour:<\/strong><\/p>\n<ul>\n<li>Trasporto (4\u00d74 Toyota, Land Cruiser \u2013 mini bus).<\/li>\n<li>Carbutante<\/li>\n<li>Guida-Autista con buona conoscenza della vostra lingua.<\/li>\n<li>Pernottamento mezza pensione in Hotel\/Riad.<\/li>\n<li>Escursione in cammello<\/li>\n<li>Notte in tenda Berbera.<\/li>\n<\/ul>\n<p><strong>Non incluso nel Tour:<\/strong><\/p>\n<ul>\n<li>Biglietti aerei.<\/li>\n<li>Pranzi.<\/li>\n<li>Bevande.<\/li>\n<li>Biglietti Ingresso a monumenti storici.<\/li>\n<\/ul>\n<p>[\/vc_column_text][vc_empty_space height=&#8221;12px&#8221;][\/vc_column][\/vc_row]<\/p>\n<\/div>","protected":false},"excerpt":{"rendered":"<p>[vc_row full_width=&#8221;&#8221; parallax=&#8221;&#8221; parallax_image=&#8221;&#8221;][vc_column width=&#8221;1\/1&#8243;][vc_empty_space height=&#8221;12px&#8221;][vc_custom_heading text=&#8221;Tour 10 giorni da Casablanca verso Fes &#8211; Deserto di Merzouga e Marrakech&#8221; font_container=&#8221;tag:h2|font_size:22|text_align:center|color:%23000000&#8243; google_fonts=&#8221;font_family:Delius%3Aregular|font_style:400%20regular%3A400%3Anormal&#8221;][vc_column_text css_animation=&#8221;&#8221;]Giorno 1 : Casablanca -Rabat<span class=\"excerpt-hellip\"> [\u2026]<\/span><\/p>\n","protected":false},"author":1,"featured_media":0,"parent":0,"menu_order":0,"comment_status":"closed","ping_status":"closed","template":"","meta":{"footnotes":""},"class_list":["post-1131","page","type-page","status-publish","hentry"],"_links":{"self":[{"href":"https:\/\/www.toursamarruecos.com\/it\/wp-json\/wp\/v2\/pages\/1131","targetHints":{"allow":["GET"]}}],"collection":[{"href":"https:\/\/www.toursamarruecos.com\/it\/wp-json\/wp\/v2\/pages"}],"about":[{"href":"https:\/\/www.toursamarruecos.com\/it\/wp-json\/wp\/v2\/types\/page"}],"author":[{"embeddable":true,"href":"https:\/\/www.toursamarruecos.com\/it\/wp-json\/wp\/v2\/users\/1"}],"replies":[{"embeddable":true,"href":"https:\/\/www.toursamarruecos.com\/it\/wp-json\/wp\/v2\/comments?post=1131"}],"version-history":[{"count":0,"href":"https:\/\/www.toursamarruecos.com\/it\/wp-json\/wp\/v2\/pages\/1131\/revisions"}],"wp:attachment":[{"href":"https:\/\/www.toursamarruecos.com\/it\/wp-json\/wp\/v2\/media?parent=1131"}],"curies":[{"name":"wp","href":"https:\/\/api.w.org\/{rel}","templated":true}]}}