{"id":1092,"date":"2016-02-07T21:11:47","date_gmt":"2016-02-07T21:11:47","guid":{"rendered":"http:\/\/toursamarruecos.com\/?page_id=1092"},"modified":"2016-02-07T21:19:26","modified_gmt":"2016-02-07T21:19:26","slug":"fes-e-deserto-di-merzouga-in-6-giorni","status":"publish","type":"page","link":"https:\/\/www.toursamarruecos.com\/it\/fes-e-deserto-di-merzouga-in-6-giorni\/","title":{"rendered":"Fes e Deserto di Merzouga in 6 giorni"},"content":{"rendered":"<div class=\"wpb-content-wrapper\"><p>[vc_row full_width=&#8221;&#8221; parallax=&#8221;&#8221; parallax_image=&#8221;&#8221;][vc_column width=&#8221;1\/1&#8243;][vc_empty_space height=&#8221;12px&#8221;][vc_custom_heading text=&#8221;Tour 6 Giorni da Fes verso deserto di Merzouga &#8211; Fes e Deserto&#8221; font_container=&#8221;tag:h2|font_size:22|text_align:center|color:%23000000&#8243; google_fonts=&#8221;font_family:Delius%3Aregular|font_style:400%20regular%3A400%3Anormal&#8221;][vc_column_text css_animation=&#8221;&#8221;]<strong>1\u00b0Giorno\u00a0: Arrivo a Fes<\/strong><\/p>\n<p>Arrivando all\u2019aeroporto di Fes che \u00e8 appena rinnovato, sarete presi a carico dai nostri collaboratori che vi porteranno in Riad.<\/p>\n<p><strong>2\u00b0Giorno\u00a0: Visita di Fes<\/strong><\/p>\n<p>Fondata nel 790 da Moulay Idriss, Fez \u00e8 la capitale religiosa, intellettuale e artistica del Marocco. La scoprerta di Fes vi butta nei labirinti delle vie strette e tortuose, tagliate con le scale ed i passaggi coperti. Scoprirete la pi\u00f9 grande e sicuramente una delle pi\u00f9 belle delle antiche universit\u00e0 coraniche, la Medersa Attarine e anche la piazza Najjarine famosa per la sua magnifica fontana decorata con mosaici, zellig e stucchi, la spianata del palazzo reale e la sua sontuosa porta dorata, ed i vestigi delle tombe Merinidi ( dinastia del XIII \u2013 XIV) . Godetevi la vista dall\u2019alto della citt\u00e0, le sue mura ed il paesaggio che la circonda, prima di colorare il vostro percorso, visitando le fabbriche di cuoio e tappeto .<\/p>\n<p><strong>3\u00b0Giorno: Fes \u2013 Merzouga<\/strong><\/p>\n<p>Dopo colazione, partenza direzione Merzouga, via Ifrane. Passeremo per Azrou e attraverseremo il suo incantevole Bosco di Cedri. Proseguiremo verso la Valle del Ziz e Trafilalet, fino ad arrivare a Merzouga, dove monteremo i nostri cammelli e partiremo per una piacevole passeggiata fino ad arrivare al nostro accampamento nomade in mezzo alle Dune, dove passeremo la notte. Cena e pernottamento in tenda Berbera.<\/p>\n<p><strong>4\u00b0Giorno\u00a0: Merzouga \u2013 Erg Chebbi <\/strong><\/p>\n<p>Dopo colazione, ci dirigeremo alla scoperta di Merzouga, dove avremo modo di conoscere la vita nomade, ed in particolare, faremo sosta nel Villaggio dei Khamlia, un piccolo villaggio di neri, famosissimi per la loro musica. Proseguiremo verso le miniere di Mifiss, le dune pi\u00f9 alte del Deserto, gusteremo un ottimo t\u00e8 alla menta con i nomadi Berberi e per finire l\u2019oasi di Tissardmine. Faremo rientro in Riad per il pranzo in tranquillit\u00e0. Serata libera per godere della pace e tranquillit\u00e0 del Deserto. Cena e pernottamento in Hotel.<\/p>\n<p><strong>5\u00b0giorno : Merzouga \u2013 Midelt \u2013 Fes.<\/strong><\/p>\n<p>Al mattino dopo colazione partenza direzione Fes, passando attraverso l\u2019incantevole Valle dello Ziz, dove faremo sosta per ammirare il panorama e scattare qualche foto. Proseguiremo il nostro cammino fino a Midelt, dove ci fermeremo per un pranzo rilassante. Continueremo\u00a0 verso Ifrane conosciuta come \u201cLa Svizzera Marocchina\u201d. Faremo una breve sosta ad Azrou per visitare il suo incantevole boschetto di cedri e conoscere le simpatiche scimmiette che lo abitano, per giungere infine in tarda serata a Fes, dove ci fermeremo per la notte.<\/p>\n<p><strong>6\u00b0Giorno\u00a0: Fes \u2013 Aeroporto<\/strong><\/p>\n<p>Colazione in Hotel, a l\u2019ora indicata trasferimento all\u2019aeroporto. Fine dei nostri servizi.<\/p>\n<p><strong>Se gli itinerari da noi proposti non dovessero coincidere con le vostre necessit\u00e0 o interessi, non esitate a mettervi in contatto con noi,\u00a0 prepareremo insieme il vostro viaggio su misura per voi<\/strong>.<\/p>\n<p><strong>Incluso nel Tour:<\/strong><\/p>\n<ul>\n<li>Trasporto (4\u00d74 Toyota, Land Cruiser \u2013 mini bus).<\/li>\n<li>Carbutante<\/li>\n<li>Guida-Autista con buona conoscenza della vostra lingua.<\/li>\n<li>Pernottamento mezza pensione in Hotel\/Riad.<\/li>\n<li>Escursione in cammello<\/li>\n<li>Notte in tenda Berbera.<\/li>\n<\/ul>\n<p><strong>Non incluso nel Tour:<\/strong><\/p>\n<ul>\n<li>Biglietti aerei.<\/li>\n<li>Pranzi.<\/li>\n<li>Bevande.<\/li>\n<li>Biglietti Ingresso a monumenti storici.<\/li>\n<\/ul>\n<p>[\/vc_column_text][vc_empty_space height=&#8221;12px&#8221;][\/vc_column][\/vc_row]<\/p>\n<\/div>","protected":false},"excerpt":{"rendered":"<p>[vc_row full_width=&#8221;&#8221; parallax=&#8221;&#8221; parallax_image=&#8221;&#8221;][vc_column width=&#8221;1\/1&#8243;][vc_empty_space height=&#8221;12px&#8221;][vc_custom_heading text=&#8221;Tour 6 Giorni da Fes verso deserto di Merzouga &#8211; Fes e Deserto&#8221; font_container=&#8221;tag:h2|font_size:22|text_align:center|color:%23000000&#8243; google_fonts=&#8221;font_family:Delius%3Aregular|font_style:400%20regular%3A400%3Anormal&#8221;][vc_column_text css_animation=&#8221;&#8221;]1\u00b0Giorno\u00a0: Arrivo a Fes Arrivando<span class=\"excerpt-hellip\"> [\u2026]<\/span><\/p>\n","protected":false},"author":1,"featured_media":0,"parent":0,"menu_order":0,"comment_status":"closed","ping_status":"closed","template":"","meta":{"footnotes":""},"class_list":["post-1092","page","type-page","status-publish","hentry"],"_links":{"self":[{"href":"https:\/\/www.toursamarruecos.com\/it\/wp-json\/wp\/v2\/pages\/1092","targetHints":{"allow":["GET"]}}],"collection":[{"href":"https:\/\/www.toursamarruecos.com\/it\/wp-json\/wp\/v2\/pages"}],"about":[{"href":"https:\/\/www.toursamarruecos.com\/it\/wp-json\/wp\/v2\/types\/page"}],"author":[{"embeddable":true,"href":"https:\/\/www.toursamarruecos.com\/it\/wp-json\/wp\/v2\/users\/1"}],"replies":[{"embeddable":true,"href":"https:\/\/www.toursamarruecos.com\/it\/wp-json\/wp\/v2\/comments?post=1092"}],"version-history":[{"count":0,"href":"https:\/\/www.toursamarruecos.com\/it\/wp-json\/wp\/v2\/pages\/1092\/revisions"}],"wp:attachment":[{"href":"https:\/\/www.toursamarruecos.com\/it\/wp-json\/wp\/v2\/media?parent=1092"}],"curies":[{"name":"wp","href":"https:\/\/api.w.org\/{rel}","templated":true}]}}