{"id":1085,"date":"2016-02-06T23:35:52","date_gmt":"2016-02-06T23:35:52","guid":{"rendered":"http:\/\/toursamarruecos.com\/?page_id=1085"},"modified":"2016-02-06T23:51:26","modified_gmt":"2016-02-06T23:51:26","slug":"tour-in-marocco-12-giorni-citta-imperiali-e-deserto","status":"publish","type":"page","link":"https:\/\/www.toursamarruecos.com\/it\/tour-in-marocco-12-giorni-citta-imperiali-e-deserto\/","title":{"rendered":"Tour in Marocco 12 giorni Citt\u00e0 imperiali e deserto"},"content":{"rendered":"<div class=\"wpb-content-wrapper\"><p>[vc_row full_width=&#8221;&#8221; parallax=&#8221;&#8221; parallax_image=&#8221;&#8221;][vc_column width=&#8221;1\/1&#8243;][vc_empty_space height=&#8221;12px&#8221;][vc_custom_heading text=&#8221;Tour 12 Giorni delle Citt\u00e0 imperiali e deserto con partenza da Marrakech&#8221; font_container=&#8221;tag:h2|font_size:22|text_align:center|color:%23000000&#8243; google_fonts=&#8221;font_family:Delius%3Aregular|font_style:400%20regular%3A400%3Anormal&#8221;][vc_column_text css_animation=&#8221;&#8221;]<strong>GIORNO 1 : MARRAKECH<\/strong><\/p>\n<p>Arrivando all\u2019aeroporto di Marrakech che \u00e8 appena rinnovato, sarete presi a carico dai nostri collaboratori che vi porteranno in albergo.<\/p>\n<p><strong>GIORNO 2 : MARRAKECH \u2013 AIT BENHADDOU \u2013 OUARZAZATE<\/strong><\/p>\n<p>Dal passo di Tichka, uno dei pi\u00f9 alti dell\u2019Atlas (2260 m), raggiungerete Ouarzazate, in un paesaggio talvolta lunare talaltra verdeggiante. Prima di raggiungere la citt\u00e0 del cinema, si passa attraverso il villaggio di Ait Ben Haddou Kasbah tra le pi\u00f9 impressionanti in Marocco, classificata al patrimonio mondiale. dall\u2019Unesco.<\/p>\n<p><strong>GIORNO 3 : OUARZAZATE \u2013 GOLE DEL DADES \u2013 GOLE DEL TODRA\u00a0<\/strong><\/p>\n<p>Da Ouarzazate, si imbocca la strada di \u201cMille kasbah\u201d il lungo della valle che divide l\u2019Alto Atlas dell\u2019Anti-Atlas per la pista di Boutaghrar per raggiungere le forre di Dades. Una volta s arriva a Tinghir, visiterete la famosa forra di Todra, con falesie rocciose raggiungendo 250 m di altezza.<\/p>\n<p><strong>GIORNO 4 : GOLE DEL TODRA \u2013 MERZOUGA<\/strong><\/p>\n<p>Oggi si arriva a Erfoud \u00e8 il punto di partenza per la scoperta di Merzouga, famosa per le sue dune di sabbia che si innalzano come delle muraglia mobili alle porte del deserto. Il sorgere o il tramonto del sole \u00e8 uno spettacolo magnifico che \u00e8 impossibile da mancare.<\/p>\n<p><strong>GIORNO 5 : MERZOUGA \u2013 ERG CHEBBI\u00a0<\/strong><\/p>\n<p>Dopo una ricca colazione, visiteremo i villaggi nell\u2019oasi di Merzouga, il lago Sergie e i suoi Fenicotteri rosa, Il Villaggio dei Khamlia con i suoi abitanti neri originari del Mali, famosissimi musicisti Gnawa. Rientro in Hotel per pranzo, dopo un breve riposo, monteremo i nostri Cammelli per una piacevole e rilassante passeggiata, assisteremo al tramonta dall\u2019alto della duna pi\u00f9 alta, e giungeremo infine nel nostro accampamento dove passeremo la notte. Una volta giunti ci verr\u00e0 servita un\u2019ottima cena tipica,\u00a0 tra balli, canti Berberi ed un mare di stelle.<\/p>\n<p><strong>GIORNO 6 : : MERZOUGA \u2013 MIDELT<\/strong><\/p>\n<p>Rientro in Hotel in Cammello, dopo una ricca colazione e una doccia Si parte verso il Nord, facendo un passo a Midelt, citt\u00e0 di montagnosa fiancheggiata dalle sue antiche kasbah. Situata a 1500 m di altezza, \u00e8 la principale citt\u00e0 della tappa tra l\u2019Alto e il Medio Atlas.<\/p>\n<p><strong>GIORNO 7 : MIDELT \u2013 FEZ<\/strong><\/p>\n<p>Si prende la strada verso Fez attraversando le affascinanti citt\u00e0 di Azrou e Ifrane, famosa localit\u00e0 sciistica nel Medio Atlas, situata in mezzo delle foreste dei cedri dove abbondano i corsi d\u2019acqua.<\/p>\n<p><strong>GIORNO 8 : Fez<\/strong><\/p>\n<p>Fondata nel 790 da Moulay Idriss, Fez \u00e8 la capitale religiosa, intellettuale e artistica del Marocco. La scoprerta di Fes vi butta nei labirinti delle vie strette e tortuose, tagliate con le scale ed i passaggi coperti. Scoprirete la pi\u00f9 grande e sicuramente una delle pi\u00f9 belle delle antiche universit\u00e0 coraniche, la Medersa Attarine e anche la piazza Najjarine famosa per la sua magnifica fontana decorata con mosaici, zellig e stucchi, la spianata del palazzo reale e la sua sontuosa porta dorata, ed i vestigi delle tombe Merinidi ( dinastia del XIII \u2013 XIV) . Godetevi la vista dall\u2019alto della citt\u00e0, le sue mura ed il paesaggio che la circonda, prima di colorare il vostro percorso, visitando le fabbriche di cuoio e tappeto .<\/p>\n<p><strong>GIORNO 9 : FEZ \u2013 MEKNES<\/strong><\/p>\n<p>Il vostro viaggio si prosegue verso Meknes attraversando l\u2019antica citt\u00e0 romana di Volubilis, vicino alla prestigiosa citt\u00e0 santa di Moulay Idriss. Meknes, la citt\u00e0 di Moulay Ismail, il \u201d Louis XIV \u201d marocchino, si distingue per i suoi 25 km di mura, i suoi vasti campi di parata ed i suoi edifici di dimensioni impressionanti. Visiterete la piazza El Hedim, Bab El Khemis, Bab Mansour \u2013 una delle pi\u00f9 belle porte monumentali del Marocco \u2013 le Scuderie Reali, la Moschea e il Mausoleo di Moulay Ismail.<\/p>\n<p><strong>GIORNO 10 : MEKNES \u2013 RABAT<\/strong><\/p>\n<p>Rabat si considera la capitale serena, riuscita di un\u2019urbanistica al quale i mezzi non sono mancati. Tra i monumenti da scoprire, non potete mancare la Torre di Hassan e il Mausoleo di Mohammed V e vi piacer\u00e0 passeggiare nella Kasbah di Oudayas e nella Medina.<\/p>\n<p><strong>GIORNO 11 : RABAT \u2013 MARRAKECH<\/strong><\/p>\n<p>La vostra giornata sar\u00e0 interamente dedicata alla \u201cPerla del Sud\u201d. Tra i monumenti testimoni della sua grande storia, visiterete segnatamente la moschea Koutoubia, la cui la maestosa siluetta domina le case rosse ed i palazzi di colore terra, il Palazzo Bahia sede del Gran Visir Ba Hmad (fine 19 \u00b0. Tombe Saadiane (16 \u00b0) e la famosa piazza Jemaa El Fna, cuore battente e spettacolo permanente di Marrakech, classificata al patrimonio orale dell\u2019umanit\u00e0, dove si farete una pausa rinfrescante. Proprio accanto, troverete il famoso Souq nell\u2019antica Medina, con i fabbri, le tintorie, le marocchinerie, i venditori di spezie con delle buone fragranze, gli ebanisti, i sarti, ecc.<\/p>\n<p><strong>GIORNO 12 : MARRAKECH \u2013 TRASFERIMENTO ALL\u2019AEROPORTO<\/strong><\/p>\n<p>Colazione in Hotel, a l\u2019ora indicata trasferimento all\u2019aeroporto. Fine dei nostri servizi.<\/p>\n<p><strong>Se gli itinerari da noi proposti non dovessero coincidere con le vostre necessit\u00e0 o interessi, non esitate a mettervi in contatto con noi,\u00a0 prepareremo insieme il vostro viaggio su misura per voi<\/strong>.<\/p>\n<p><strong>Incluso nel Tour:<\/strong><\/p>\n<ul>\n<li>Trasporto (4\u00d74 Toyota, Land Cruiser \u2013 mini bus).<\/li>\n<li>Carbutante<\/li>\n<li>Guida-Autista con buona conoscenza della vostra lingua.<\/li>\n<li>Pernottamento mezza pensione in Hotel\/Riad.<\/li>\n<li>Escursione in cammello<\/li>\n<li>Notte in tenda Berbera.<\/li>\n<\/ul>\n<p><strong>Non incluso nel Tour:<\/strong><\/p>\n<ul>\n<li>Biglietti aerei.<\/li>\n<li>Pranzi.<\/li>\n<li>Bevande.<\/li>\n<li>Biglietti Ingresso a monumenti storici.<\/li>\n<\/ul>\n<p>[\/vc_column_text][vc_empty_space height=&#8221;12px&#8221;][\/vc_column][\/vc_row]<\/p>\n<\/div>","protected":false},"excerpt":{"rendered":"<p>[vc_row full_width=&#8221;&#8221; parallax=&#8221;&#8221; parallax_image=&#8221;&#8221;][vc_column width=&#8221;1\/1&#8243;][vc_empty_space height=&#8221;12px&#8221;][vc_custom_heading text=&#8221;Tour 12 Giorni delle Citt\u00e0 imperiali e deserto con partenza da Marrakech&#8221; font_container=&#8221;tag:h2|font_size:22|text_align:center|color:%23000000&#8243; google_fonts=&#8221;font_family:Delius%3Aregular|font_style:400%20regular%3A400%3Anormal&#8221;][vc_column_text css_animation=&#8221;&#8221;]GIORNO 1 : MARRAKECH Arrivando all\u2019aeroporto<span class=\"excerpt-hellip\"> [\u2026]<\/span><\/p>\n","protected":false},"author":1,"featured_media":0,"parent":0,"menu_order":0,"comment_status":"closed","ping_status":"closed","template":"","meta":{"footnotes":""},"class_list":["post-1085","page","type-page","status-publish","hentry"],"_links":{"self":[{"href":"https:\/\/www.toursamarruecos.com\/it\/wp-json\/wp\/v2\/pages\/1085","targetHints":{"allow":["GET"]}}],"collection":[{"href":"https:\/\/www.toursamarruecos.com\/it\/wp-json\/wp\/v2\/pages"}],"about":[{"href":"https:\/\/www.toursamarruecos.com\/it\/wp-json\/wp\/v2\/types\/page"}],"author":[{"embeddable":true,"href":"https:\/\/www.toursamarruecos.com\/it\/wp-json\/wp\/v2\/users\/1"}],"replies":[{"embeddable":true,"href":"https:\/\/www.toursamarruecos.com\/it\/wp-json\/wp\/v2\/comments?post=1085"}],"version-history":[{"count":0,"href":"https:\/\/www.toursamarruecos.com\/it\/wp-json\/wp\/v2\/pages\/1085\/revisions"}],"wp:attachment":[{"href":"https:\/\/www.toursamarruecos.com\/it\/wp-json\/wp\/v2\/media?parent=1085"}],"curies":[{"name":"wp","href":"https:\/\/api.w.org\/{rel}","templated":true}]}}