{"id":1082,"date":"2016-02-06T22:39:42","date_gmt":"2016-02-06T22:39:42","guid":{"rendered":"http:\/\/toursamarruecos.com\/?page_id=1082"},"modified":"2016-02-06T23:27:54","modified_gmt":"2016-02-06T23:27:54","slug":"tour-9-giorni-da-marrakech-il-marocco-autentico","status":"publish","type":"page","link":"https:\/\/www.toursamarruecos.com\/it\/tour-9-giorni-da-marrakech-il-marocco-autentico\/","title":{"rendered":"Tour 9 Giorni da Marrakech &#8211; il Marocco Autentico"},"content":{"rendered":"<div class=\"wpb-content-wrapper\"><p>[vc_row full_width=&#8221;&#8221; parallax=&#8221;&#8221; parallax_image=&#8221;&#8221;][vc_column width=&#8221;1\/1&#8243;][vc_empty_space height=&#8221;12px&#8221;][vc_custom_heading text=&#8221;Tour 9 Giorni da Marrakech &#8211; il Marocco Autentico&#8221; font_container=&#8221;tag:h2|font_size:22|text_align:center|color:%23000000&#8243; google_fonts=&#8221;font_family:Delius%3Aregular|font_style:400%20regular%3A400%3Anormal&#8221;][vc_column_text css_animation=&#8221;&#8221;]<strong>1\u00b0 Giorno : Arrivo a Marrakech<\/strong><\/p>\n<p>Incontro nel luogo prestabilito (aeroporto \u2026) e trasferimento in Hotel, in base alla disponibilit\u00e0 e orario di arrivo, possibilit\u00e0 di visitare la piazza Jama\u00e0 el Fena.<\/p>\n<p><strong>2\u00b0 Giorno: Marrakech.<\/strong><\/p>\n<p>Dopo colazione incontreremo la guida che vi accompagner\u00e0 alla scoperta di Marrakech, la perla del Sud del Marocco. Visita al Palazzo della Bahia, Palazzo El Badi, le Tombe Sadiane, Giardini della Menara,\u00a0 la Medersa di Ben Youssef (antica scuola coranica), il museo di Marrakech, i Giardini Majorelle e naturalmente la sua labirintica e coloratissima Mediana e Suq, fino ad arrivare alla pi\u00f9 famosa di tutte le Piazze: Jemaa el-Fna, cuore pulsante di Marrakech, dichiarata dall\u2019UNESCO \u201cPatrimonio Orale dell\u2019Umanit\u00e0\u201d.Koutoubia.\u00a0Pranzo in uno dei migliori ristoranti tradizionali Marocchini e per finire un ricco t\u00e8 alla menta servito seduti comodamente in una delle tante e spettacolari terazze con vista alla pittoresca Piazza Jemaa el-Fna e l\u2019incantevole Moschea e Minaretto della\u00a0 Koutoubia.<\/p>\n<p><strong>3\u00b0 Giorno: Marrakech \u2013 Ait Ben Haddou \u2013 Ouarzazate.<\/strong><\/p>\n<p>Partenza in mattinata direzione Alto Atlante, attraverso il passo di Tichka (2.260metri),verso la Valle di Ounila, dove visiteremo la Kasbah di Telouet. Pranzo e breve riposo. Proseguiremo verso Ouarzazate, dove visiteremo l\u2019incantevole Kasbah di Ait Ben Haddou (Patrimonio dell\u2019Umanita-UNESCO), set di numerosi e famosissimi film, quali: Asterix e Obelix, il Gladiatore, e tanti altri. Cena e pernottamento in Hotel.<\/p>\n<p><strong>4\u00b0 Giorno: Ouarzazate \u2013 Dades \u2013 Gole del Todra.<\/strong><\/p>\n<p>dopo colazione proseguiremo il nostro camino verso la Valle di Skoura, il suo palmeto e la Valle delle Rose, attraversando inoltre l\u2019incantevole Valle del Dades. Avremo modo di fare diverse soste per ammirare gli spettacolari paesaggi e scattare qualche foto. Ci dirigeremo verso il Sud fino ad arrivare alla Valle del Todra. Sosteremo in Hotel o Riad per un breve riposo, prima di continuare il nostro camino di circa un\u2019ora per la Valle. Cena e pernottamento in Hotel o Riad.<\/p>\n<p><strong>5\u00b0 Giorno: Gole del Todra \u2013 Erfoud \u2013 Merzouga.<\/strong><\/p>\n<p>In mattinata visiteremo le incredibili Gole del Todra, e proseguiremo poi tranquillamente verso Erfoud, conosciuta per i suoi fossili. Visiteremo una delle sue fabbriche. proseguiremo poi verso la Valle del Ziz, prima di arrivare a Merzouga. Serata libera per godere della pace e tranquillit\u00e0 del Deserto. Cena e pernottamento in Hotel.<\/p>\n<p><strong>6\u00b0 Giorno: Merzouga \u2013 Erg Chebbi \u2013 Merzouga.<\/strong><\/p>\n<p>Dopo colazione, ci dirigeremo alla scoperta di Merzouga, dove avremo modo di conoscere la vita nomade, ed in particolare, faremo sosta nel Villaggio dei Khamlia, un piccolo villaggio di neri, famosissimi per la loro musica. Proseguiremo verso le miniere di Mifiss, le dune pi\u00f9 alte del Deserto, gusteremo un ottimo t\u00e8 alla menta con i nomadi Berberi e per finire l\u2019oasi di Tissardmine. Faremo rientro in Riad per il pranzo in tranquillit\u00e0. Nel tardo pomeriggio monteremo i nostri Cammelli per una piacevole passeggiata nelle Dune dove assisteremo Nel punto pi\u00f9 alto, allo spettacolo del tramonto. Ci fermeremo per la notte in un oasi selvaggia in pieno deserto. Cena e pernottamento in accampamento Berbero.<\/p>\n<p><strong>7 Giorno: Merzouga \u2013 Rissani \u2013 Nkob \u2013 Zagora.<\/strong><\/p>\n<p>Dopo il rientro a Marzouga in Cammello, colazione e doccia, proseguiremo direzione Rissani dove faremo sosta nel suo allegro e coloratissimo mercato. Percorreremo la via delle oasi, facendo diverse soste per ammirare i panorami, scattare qualche foto, e gustare un ottimo t\u00e8 alla menta. Arriveremo in tarda serata a Zagora. Cena e pernottamento in Hotel o Riad.<\/p>\n<p><strong>8\u00b0 Giorno: Zagora \u2013\u00a0 Marrakech.<\/strong><\/p>\n<p>Dopo una ricca colazione, lascieremo Zagora, attraverseremo la Valle del Draa con i suoi mille palmeti e suoi tipici villaggi Berberi. Diverse soste per ammirare i fantastici panorami e scattare qualche foto. Passeremo lungo il Villaggio di Agdez, Attraverseremo le montagne dell\u2019Anti Atlante per arrivare nuovamente alla citt\u00e0 rossa. Arrivo a Marrakech in tarda serata, cena e pernottamento in Hotel o Riad.<\/p>\n<p><strong>9\u00b0 Giorno<\/strong><strong>: Marrakech &#8211; Aeroporto <\/strong><\/p>\n<p>incontro all\u2019ora prestabilita per il traferimento in aeroporto o altro luogo richiesto. Fine dei nostri servizi.<\/p>\n<p><strong>Se gli itinerari da noi proposti non dovessero coincidere con le vostre necessit\u00e0 o interessi, non esitate a mettervi in contatto con noi,\u00a0 prepareremo insieme il vostro viaggio su misura per voi<\/strong>.<\/p>\n<p><strong>Incluso nel Tour:<\/strong><\/p>\n<ul>\n<li>Trasporto (4\u00d74 Toyota, Land Cruiser \u2013 mini bus).<\/li>\n<li>Carbutante<\/li>\n<li>Guida-Autista con buona conoscenza della vostra lingua.<\/li>\n<li>Pernottamento mezza pensione in Hotel\/Riad.<\/li>\n<li>Escursione in cammello<\/li>\n<li>Notte in tenda Berbera.<\/li>\n<\/ul>\n<p><strong>Non incluso nel Tour:<\/strong><\/p>\n<ul>\n<li>Biglietti aerei.<\/li>\n<li>Pranzi.<\/li>\n<li>Bevande.<\/li>\n<li>Biglietti Ingresso a monumenti storici.<\/li>\n<\/ul>\n<p>[\/vc_column_text][vc_empty_space height=&#8221;12px&#8221;][\/vc_column][\/vc_row]<\/p>\n<\/div>","protected":false},"excerpt":{"rendered":"<p>[vc_row full_width=&#8221;&#8221; parallax=&#8221;&#8221; parallax_image=&#8221;&#8221;][vc_column width=&#8221;1\/1&#8243;][vc_empty_space height=&#8221;12px&#8221;][vc_custom_heading text=&#8221;Tour 9 Giorni da Marrakech &#8211; il Marocco Autentico&#8221; font_container=&#8221;tag:h2|font_size:22|text_align:center|color:%23000000&#8243; google_fonts=&#8221;font_family:Delius%3Aregular|font_style:400%20regular%3A400%3Anormal&#8221;][vc_column_text css_animation=&#8221;&#8221;]1\u00b0 Giorno : Arrivo a Marrakech Incontro nel luogo<span class=\"excerpt-hellip\"> [\u2026]<\/span><\/p>\n","protected":false},"author":1,"featured_media":0,"parent":0,"menu_order":0,"comment_status":"closed","ping_status":"closed","template":"","meta":{"footnotes":""},"class_list":["post-1082","page","type-page","status-publish","hentry"],"_links":{"self":[{"href":"https:\/\/www.toursamarruecos.com\/it\/wp-json\/wp\/v2\/pages\/1082","targetHints":{"allow":["GET"]}}],"collection":[{"href":"https:\/\/www.toursamarruecos.com\/it\/wp-json\/wp\/v2\/pages"}],"about":[{"href":"https:\/\/www.toursamarruecos.com\/it\/wp-json\/wp\/v2\/types\/page"}],"author":[{"embeddable":true,"href":"https:\/\/www.toursamarruecos.com\/it\/wp-json\/wp\/v2\/users\/1"}],"replies":[{"embeddable":true,"href":"https:\/\/www.toursamarruecos.com\/it\/wp-json\/wp\/v2\/comments?post=1082"}],"version-history":[{"count":0,"href":"https:\/\/www.toursamarruecos.com\/it\/wp-json\/wp\/v2\/pages\/1082\/revisions"}],"wp:attachment":[{"href":"https:\/\/www.toursamarruecos.com\/it\/wp-json\/wp\/v2\/media?parent=1082"}],"curies":[{"name":"wp","href":"https:\/\/api.w.org\/{rel}","templated":true}]}}